{"id":5196,"date":"2022-12-08T14:25:33","date_gmt":"2022-12-08T17:25:33","guid":{"rendered":"https:\/\/gustavoadolfo.com.br\/univates\/?page_id=5196"},"modified":"2025-07-23T16:24:35","modified_gmt":"2025-07-23T19:24:35","slug":"setor-social","status":"publish","type":"page","link":"https:\/\/gustavoadolfo.com.br\/univates\/setor-social\/","title":{"rendered":"Setor Social"},"content":{"rendered":"\n<p>O Setor Social do Centro de Educa\u00e7\u00e3o B\u00e1sica Gustavo Adolfo, GA, tem a incumb\u00eancia de organizar atividades sociais, com o intuito de integra\u00e7\u00e3o e comemora\u00e7\u00e3o entre os funcion\u00e1rios.<\/p>\n\n\n\n<ul>\n<li>Todos os funcion\u00e1rios est\u00e3o aptos a participar do Setor Social.<\/li>\n\n\n\n<li>A Comiss\u00e3o do Setor Social se re\u00fane de forma volunt\u00e1ria, fora do hor\u00e1rio escolar.<\/li>\n\n\n\n<li>\u00c9 respons\u00e1vel por promover momentos de integra\u00e7\u00e3o no primeiro e no segundo semestre.<\/li>\n\n\n\n<li>\u00c9 feita a entrega de mimos em datas comemorativas como P\u00e1scoa, dia dos professores e Natal.<\/li>\n\n\n\n<li>Mediante autoriza\u00e7\u00e3o do funcion\u00e1rio \u00e9 feita a cobran\u00e7a de taxa espont\u00e2nea, descontada na folha de pagamento.&nbsp;<\/li>\n<\/ul>\n\n\n\n<p><\/p>\n","protected":false},"excerpt":{"rendered":"<p>O Setor Social do Centro de Educa\u00e7\u00e3o B\u00e1sica Gustavo Adolfo, GA, tem a incumb\u00eancia de organizar atividades sociais, com o intuito de integra\u00e7\u00e3o e comemora\u00e7\u00e3o entre os funcion\u00e1rios.<\/p>\n","protected":false},"author":1,"featured_media":0,"parent":0,"menu_order":0,"comment_status":"closed","ping_status":"closed","template":"","meta":[],"_links":{"self":[{"href":"https:\/\/gustavoadolfo.com.br\/univates\/wp-json\/wp\/v2\/pages\/5196"}],"collection":[{"href":"https:\/\/gustavoadolfo.com.br\/univates\/wp-json\/wp\/v2\/pages"}],"about":[{"href":"https:\/\/gustavoadolfo.com.br\/univates\/wp-json\/wp\/v2\/types\/page"}],"author":[{"embeddable":true,"href":"https:\/\/gustavoadolfo.com.br\/univates\/wp-json\/wp\/v2\/users\/1"}],"replies":[{"embeddable":true,"href":"https:\/\/gustavoadolfo.com.br\/univates\/wp-json\/wp\/v2\/comments?post=5196"}],"version-history":[{"count":2,"href":"https:\/\/gustavoadolfo.com.br\/univates\/wp-json\/wp\/v2\/pages\/5196\/revisions"}],"predecessor-version":[{"id":5893,"href":"https:\/\/gustavoadolfo.com.br\/univates\/wp-json\/wp\/v2\/pages\/5196\/revisions\/5893"}],"wp:attachment":[{"href":"https:\/\/gustavoadolfo.com.br\/univates\/wp-json\/wp\/v2\/media?parent=5196"}],"curies":[{"name":"wp","href":"https:\/\/api.w.org\/{rel}","templated":true}]}}