{"id":5194,"date":"2022-12-08T14:22:58","date_gmt":"2022-12-08T17:22:58","guid":{"rendered":"https:\/\/gustavoadolfo.com.br\/univates\/?page_id=5194"},"modified":"2025-07-31T10:55:11","modified_gmt":"2025-07-31T13:55:11","slug":"gremio-estudantil","status":"publish","type":"page","link":"https:\/\/gustavoadolfo.com.br\/univates\/gremio-estudantil\/","title":{"rendered":"Gr\u00eamio Estudantil"},"content":{"rendered":"\t\t<div data-elementor-type=\"wp-page\" data-elementor-id=\"5194\" class=\"elementor elementor-5194\" data-elementor-settings=\"[]\">\n\t\t\t\t\t\t\t<div class=\"elementor-section-wrap\">\n\t\t\t\t\t\t\t<section class=\"elementor-section elementor-top-section elementor-element elementor-element-193959b9 elementor-section-boxed elementor-section-height-default elementor-section-height-default\" data-id=\"193959b9\" data-element_type=\"section\">\n\t\t\t\t\t\t<div class=\"elementor-container elementor-column-gap-default\">\n\t\t\t\t\t<div class=\"elementor-column elementor-col-100 elementor-top-column elementor-element elementor-element-7561376c\" data-id=\"7561376c\" data-element_type=\"column\">\n\t\t\t<div class=\"elementor-widget-wrap elementor-element-populated\">\n\t\t\t\t\t\t\t\t<div class=\"elementor-element elementor-element-25f801dc elementor-widget elementor-widget-text-editor\" data-id=\"25f801dc\" data-element_type=\"widget\" data-widget_type=\"text-editor.default\">\n\t\t\t\t<div class=\"elementor-widget-container\">\n\t\t\t\t\t\t\t<p>O Gr\u00eamio Estudantil Gustavo Adolfo (GEGA) t\u00eam a fun\u00e7\u00e3o de representar os estudantes de Anos Finais e Ensino M\u00e9dio da Institui\u00e7\u00e3o, no que diz respeito a finalidades educacionais, culturais, c\u00edvicas esportivas e sociais, desenvolvendo a lideran\u00e7a estudantil.<br><br><b>CONFIRA OS INTEGRANTES DO GEGA<\/b><\/p>\n<p>Presidente: Lara Marquetto Rambor 2\u00ba A<\/p>\n<p>Vice-presidente: Alice Junqueira 2\u00ba C<\/p>\n<p>Secret\u00e1ria: Helena Marques Bersch 9\u00ba B<\/p>\n<p>Tesoureiro: Arthur Fritzen 2\u00ba C<\/p>\n<p>Setor Esportivo:\u2022 Emanuel Pereira Weimer 1\u00ba B<br>\u2022 Jo\u00e3o Ant\u00f4nio Squarcieri Barth 7\u00ba A<br>\u2022 Benjamim Pereira Ely 9\u00ba B<\/p>\n<p>Setor Comunicativo:<br>\u2022 Manuela Stein Klaus 2\u00ba A<br>\u2022 Isabeli Uhlmann Huppes 9\u00ba A<br>\u2022 Artur de Oliveira Camargo 8\u00ba B<\/p>\n<p>Setor Cultural:<br>\u2022 Nicole Kamphorst 2\u00ba C<br>\u2022 Manuela Danieli dos Santos 1\u00ba B<br>\u2022 Frederico de Almeida Genezini 7\u00ba A<\/p>\n<p>Setor Gincana:<br>\u2022 Sofia Schuhl do Santos 3\u00ba B<br>\u2022 Renan Baiocco 3\u00ba B<br>\u2022 Sofia Camile Hepp Jennerich 2\u00ba A<\/p>\t\t\t\t\t\t<\/div>\n\t\t\t\t<\/div>\n\t\t\t\t\t<\/div>\n\t\t<\/div>\n\t\t\t\t\t\t\t<\/div>\n\t\t<\/section>\n\t\t\t\t\t\t<\/div>\n\t\t\t\t\t<\/div>\n\t\t","protected":false},"excerpt":{"rendered":"<p>O Gr\u00eamio Estudantil Gustavo Adolfo (GEGA) t\u00eam a fun\u00e7\u00e3o de representar os estudantes de Anos Finais e Ensino M\u00e9dio da Institui\u00e7\u00e3o, no que diz respeito a finalidades educacionais, culturais, c\u00edvicas esportivas e sociais, desenvolvendo a lideran\u00e7a estudantil. CONFIRA OS INTEGRANTES DO GEGA Presidente: Lara Marquetto Rambor 2\u00ba A Vice-presidente: Alice Junqueira 2\u00ba C Secret\u00e1ria: Helena<br \/><a class=\"moretag\" href=\"https:\/\/gustavoadolfo.com.br\/univates\/gremio-estudantil\/\">+ Read More<\/a><\/p>\n","protected":false},"author":1,"featured_media":0,"parent":0,"menu_order":0,"comment_status":"closed","ping_status":"closed","template":"","meta":[],"_links":{"self":[{"href":"https:\/\/gustavoadolfo.com.br\/univates\/wp-json\/wp\/v2\/pages\/5194"}],"collection":[{"href":"https:\/\/gustavoadolfo.com.br\/univates\/wp-json\/wp\/v2\/pages"}],"about":[{"href":"https:\/\/gustavoadolfo.com.br\/univates\/wp-json\/wp\/v2\/types\/page"}],"author":[{"embeddable":true,"href":"https:\/\/gustavoadolfo.com.br\/univates\/wp-json\/wp\/v2\/users\/1"}],"replies":[{"embeddable":true,"href":"https:\/\/gustavoadolfo.com.br\/univates\/wp-json\/wp\/v2\/comments?post=5194"}],"version-history":[{"count":10,"href":"https:\/\/gustavoadolfo.com.br\/univates\/wp-json\/wp\/v2\/pages\/5194\/revisions"}],"predecessor-version":[{"id":5923,"href":"https:\/\/gustavoadolfo.com.br\/univates\/wp-json\/wp\/v2\/pages\/5194\/revisions\/5923"}],"wp:attachment":[{"href":"https:\/\/gustavoadolfo.com.br\/univates\/wp-json\/wp\/v2\/media?parent=5194"}],"curies":[{"name":"wp","href":"https:\/\/api.w.org\/{rel}","templated":true}]}}