{"id":5190,"date":"2022-12-08T14:18:51","date_gmt":"2022-12-08T17:18:51","guid":{"rendered":"https:\/\/gustavoadolfo.com.br\/univates\/?page_id=5190"},"modified":"2025-07-23T16:06:36","modified_gmt":"2025-07-23T19:06:36","slug":"appa","status":"publish","type":"page","link":"https:\/\/gustavoadolfo.com.br\/univates\/appa\/","title":{"rendered":"APPA"},"content":{"rendered":"\n<p>A APPA &#8211; Associa\u00e7\u00e3o de Pais, Professores e Amigos do Centro de Educa\u00e7\u00e3o B\u00e1sica Gustavo Adolfo -GA, de Lajeado &#8211; \u00e9 uma entidade c\u00edvel, sem fins lucrativos e tem como objetivo integrar a comunidade, a escola e a familia, buscando o desempenho mais eficiente e autossustent\u00e1vel do processo educativo.<\/p>\n\n\n\n<p>S\u00e3o fins da APPA:<\/p>\n\n\n\n<p>-Proporcionar a participa\u00e7\u00e3o da fam\u00edlia na escola e da escola na fam\u00edlia;<\/p>\n\n\n\n<p>-auxiliar e ser um elemento complementar da administra\u00e7\u00e3o escolar;<\/p>\n\n\n\n<p>-prestar servi\u00e7os \u00e0 escola em benef\u00edcio dos alunos ou do processo educacional; promover promo\u00e7\u00f5es ou recursos para a manuten\u00e7\u00e3o do funcionamento da escola;<\/p>\n\n\n\n<p>-auxiliar na conserva\u00e7\u00e3o, recupera\u00e7\u00e3o, reforma do pr\u00e9dio e dos equipamentos da escola;<\/p>\n\n\n\n<p>-coordenar e\/ou participar das atividades, eventos e festividades do estabelecimento contribuindo na fun\u00e7\u00e3o sociocultural dos seus integrantes;<\/p>\n\n\n\n<p>-oportunizar estudos em conjunto, \u00e0 pais, professores e amigos de modo a criar condi\u00e7\u00f5es para realiza\u00e7\u00e3o de um trabalho educativo coerente no lar e na escola;<\/p>\n\n\n\n<p>-estimular a transforma\u00e7\u00e3o da escola em centro de integra\u00e7\u00e3o e desenvolvimento comunit\u00e1rio;<\/p>\n\n\n\n<p>Aproveitando a oportunidade, gostar\u00edamos de desde j\u00e1 deixar um convite \u00e0 todos os pais para que juntem-se a n\u00f3s, tragam sua opini\u00e3o, suas ideias, nos ajudem nessa miss\u00e3o de sermos um dos pilares da escola, de sermos o elo de liga\u00e7\u00e3o escola-aluno-comunidade.<\/p>\n\n\n\n<p>Nossa reuni\u00e3o ocorre sempre na segunda ter\u00e7a-feira de cada m\u00eas, sempre com in\u00edcio as 19h.<\/p>\n","protected":false},"excerpt":{"rendered":"<p>A APPA &#8211; Associa\u00e7\u00e3o de Pais, Professores e Amigos do Centro de Educa\u00e7\u00e3o B\u00e1sica Gustavo Adolfo -GA, de Lajeado &#8211; \u00e9 uma entidade c\u00edvel, sem fins lucrativos e tem como objetivo integrar a comunidade, a escola e a familia, buscando o desempenho mais eficiente e autossustent\u00e1vel do processo educativo. S\u00e3o fins da APPA: -Proporcionar a<br \/><a class=\"moretag\" href=\"https:\/\/gustavoadolfo.com.br\/univates\/appa\/\">+ Read More<\/a><\/p>\n","protected":false},"author":1,"featured_media":0,"parent":0,"menu_order":0,"comment_status":"closed","ping_status":"closed","template":"","meta":[],"_links":{"self":[{"href":"https:\/\/gustavoadolfo.com.br\/univates\/wp-json\/wp\/v2\/pages\/5190"}],"collection":[{"href":"https:\/\/gustavoadolfo.com.br\/univates\/wp-json\/wp\/v2\/pages"}],"about":[{"href":"https:\/\/gustavoadolfo.com.br\/univates\/wp-json\/wp\/v2\/types\/page"}],"author":[{"embeddable":true,"href":"https:\/\/gustavoadolfo.com.br\/univates\/wp-json\/wp\/v2\/users\/1"}],"replies":[{"embeddable":true,"href":"https:\/\/gustavoadolfo.com.br\/univates\/wp-json\/wp\/v2\/comments?post=5190"}],"version-history":[{"count":2,"href":"https:\/\/gustavoadolfo.com.br\/univates\/wp-json\/wp\/v2\/pages\/5190\/revisions"}],"predecessor-version":[{"id":5892,"href":"https:\/\/gustavoadolfo.com.br\/univates\/wp-json\/wp\/v2\/pages\/5190\/revisions\/5892"}],"wp:attachment":[{"href":"https:\/\/gustavoadolfo.com.br\/univates\/wp-json\/wp\/v2\/media?parent=5190"}],"curies":[{"name":"wp","href":"https:\/\/api.w.org\/{rel}","templated":true}]}}