{"id":5177,"date":"2022-12-08T11:32:43","date_gmt":"2022-12-08T14:32:43","guid":{"rendered":"https:\/\/gustavoadolfo.com.br\/univates\/?page_id=5177"},"modified":"2025-07-24T17:43:43","modified_gmt":"2025-07-24T20:43:43","slug":"matriculas","status":"publish","type":"page","link":"https:\/\/gustavoadolfo.com.br\/univates\/matriculas\/","title":{"rendered":"Matr\u00edculas"},"content":{"rendered":"\t\t<div data-elementor-type=\"wp-page\" data-elementor-id=\"5177\" class=\"elementor elementor-5177\" data-elementor-settings=\"[]\">\n\t\t\t\t\t\t\t<div class=\"elementor-section-wrap\">\n\t\t\t\t\t\t\t<section class=\"elementor-section elementor-top-section elementor-element elementor-element-849a883 elementor-section-boxed elementor-section-height-default elementor-section-height-default\" data-id=\"849a883\" data-element_type=\"section\">\n\t\t\t\t\t\t<div class=\"elementor-container elementor-column-gap-default\">\n\t\t\t\t\t<div class=\"elementor-column elementor-col-100 elementor-top-column elementor-element elementor-element-4d03305\" data-id=\"4d03305\" data-element_type=\"column\">\n\t\t\t<div class=\"elementor-widget-wrap elementor-element-populated\">\n\t\t\t\t\t\t\t\t<div class=\"elementor-element elementor-element-48c7aba elementor-widget elementor-widget-text-editor\" data-id=\"48c7aba\" data-element_type=\"widget\" data-widget_type=\"text-editor.default\">\n\t\t\t\t<div class=\"elementor-widget-container\">\n\t\t\t\t\t\t\t<p align=\"justify\">Para obter informa\u00e7\u00f5es sobre matr\u00edcula clique no bot\u00e3o abaixo para realizar a consulta de vaga:<\/p>\t\t\t\t\t\t<\/div>\n\t\t\t\t<\/div>\n\t\t\t\t\t<\/div>\n\t\t<\/div>\n\t\t\t\t\t\t\t<\/div>\n\t\t<\/section>\n\t\t\t\t<section class=\"elementor-section elementor-top-section elementor-element elementor-element-055ddd0 elementor-section-boxed elementor-section-height-default elementor-section-height-default\" data-id=\"055ddd0\" data-element_type=\"section\">\n\t\t\t\t\t\t<div class=\"elementor-container elementor-column-gap-default\">\n\t\t\t\t\t<div class=\"elementor-column elementor-col-50 elementor-top-column elementor-element elementor-element-308da14\" data-id=\"308da14\" data-element_type=\"column\">\n\t\t\t<div class=\"elementor-widget-wrap elementor-element-populated\">\n\t\t\t\t\t\t\t\t<div class=\"elementor-element elementor-element-2791576 elementor-align-center elementor-widget elementor-widget-button\" data-id=\"2791576\" data-element_type=\"widget\" data-widget_type=\"button.default\">\n\t\t\t\t<div class=\"elementor-widget-container\">\n\t\t\t\t\t<div class=\"elementor-button-wrapper\">\n\t\t\t<a href=\"https:\/\/gustavoadolfo.zeev.it\/2.0\/anonymous?c=YnJ0WiA2umbm3bMJM2NQXsfz9drWOd21ptfQ%2BEAalUnwrOVqy%2FuKgXMMYgZUDNKvUpGj4C9KC6ZByBImEkbSCvvmWCmaLas9I22yeG0oFUM%3D\" class=\"elementor-button-link elementor-button elementor-size-sm\" role=\"button\">\n\t\t\t\t\t\t<span class=\"elementor-button-content-wrapper\">\n\t\t\t\t\t\t<span class=\"elementor-button-text\">Consulta de Vagas<\/span>\n\t\t<\/span>\n\t\t\t\t\t<\/a>\n\t\t<\/div>\n\t\t\t\t<\/div>\n\t\t\t\t<\/div>\n\t\t\t\t\t<\/div>\n\t\t<\/div>\n\t\t\t\t<div class=\"elementor-column elementor-col-50 elementor-top-column elementor-element elementor-element-251dbe2\" data-id=\"251dbe2\" data-element_type=\"column\">\n\t\t\t<div class=\"elementor-widget-wrap\">\n\t\t\t\t\t\t\t\t\t<\/div>\n\t\t<\/div>\n\t\t\t\t\t\t\t<\/div>\n\t\t<\/section>\n\t\t\t\t<section class=\"elementor-section elementor-top-section elementor-element elementor-element-2db943c elementor-section-boxed elementor-section-height-default elementor-section-height-default\" data-id=\"2db943c\" data-element_type=\"section\">\n\t\t\t\t\t\t<div class=\"elementor-container elementor-column-gap-default\">\n\t\t\t\t\t<div class=\"elementor-column elementor-col-100 elementor-top-column elementor-element elementor-element-b93163e\" data-id=\"b93163e\" data-element_type=\"column\">\n\t\t\t<div class=\"elementor-widget-wrap elementor-element-populated\">\n\t\t\t\t\t\t\t\t<div class=\"elementor-element elementor-element-6f7e13f elementor-widget elementor-widget-text-editor\" data-id=\"6f7e13f\" data-element_type=\"widget\" data-widget_type=\"text-editor.default\">\n\t\t\t\t<div class=\"elementor-widget-container\">\n\t\t\t\t\t\t\t<p align=\"justify\">Ou, caso queira, entre em contato conosco atrav\u00e9s dos canais abaixo:<\/p>\n<p align=\"justify\"><u>E-mail: <a href=\"mailto:secretariaem@gustavoadolfo.com.br\">secretariaem@gustavoadolfo.com.br<\/a><\/u><\/p>\n<p align=\"justify\"><u>Telefone\/Whatsapp: <a href=\"https:\/\/web.whatsapp.com\/send?phone=555137143214\">51-3714-3214<\/a><\/u><\/p>\t\t\t\t\t\t<\/div>\n\t\t\t\t<\/div>\n\t\t\t\t\t<\/div>\n\t\t<\/div>\n\t\t\t\t\t\t\t<\/div>\n\t\t<\/section>\n\t\t\t\t\t\t<\/div>\n\t\t\t\t\t<\/div>\n\t\t","protected":false},"excerpt":{"rendered":"<p>Para obter informa\u00e7\u00f5es sobre matr\u00edcula clique no bot\u00e3o abaixo para realizar a consulta de vaga: Consulta de Vagas Ou, caso queira, entre em contato conosco atrav\u00e9s dos canais abaixo: E-mail: secretariaem@gustavoadolfo.com.br Telefone\/Whatsapp: 51-3714-3214<\/p>\n","protected":false},"author":1,"featured_media":0,"parent":0,"menu_order":0,"comment_status":"closed","ping_status":"closed","template":"","meta":[],"_links":{"self":[{"href":"https:\/\/gustavoadolfo.com.br\/univates\/wp-json\/wp\/v2\/pages\/5177"}],"collection":[{"href":"https:\/\/gustavoadolfo.com.br\/univates\/wp-json\/wp\/v2\/pages"}],"about":[{"href":"https:\/\/gustavoadolfo.com.br\/univates\/wp-json\/wp\/v2\/types\/page"}],"author":[{"embeddable":true,"href":"https:\/\/gustavoadolfo.com.br\/univates\/wp-json\/wp\/v2\/users\/1"}],"replies":[{"embeddable":true,"href":"https:\/\/gustavoadolfo.com.br\/univates\/wp-json\/wp\/v2\/comments?post=5177"}],"version-history":[{"count":17,"href":"https:\/\/gustavoadolfo.com.br\/univates\/wp-json\/wp\/v2\/pages\/5177\/revisions"}],"predecessor-version":[{"id":5913,"href":"https:\/\/gustavoadolfo.com.br\/univates\/wp-json\/wp\/v2\/pages\/5177\/revisions\/5913"}],"wp:attachment":[{"href":"https:\/\/gustavoadolfo.com.br\/univates\/wp-json\/wp\/v2\/media?parent=5177"}],"curies":[{"name":"wp","href":"https:\/\/api.w.org\/{rel}","templated":true}]}}