{"id":5171,"date":"2022-12-08T11:21:06","date_gmt":"2022-12-08T14:21:06","guid":{"rendered":"https:\/\/gustavoadolfo.com.br\/univates\/?page_id=5171"},"modified":"2022-12-08T11:24:53","modified_gmt":"2022-12-08T14:24:53","slug":"institucional","status":"publish","type":"page","link":"https:\/\/gustavoadolfo.com.br\/univates\/institucional\/","title":{"rendered":"Institucional"},"content":{"rendered":"\t\t<div data-elementor-type=\"wp-page\" data-elementor-id=\"5171\" class=\"elementor elementor-5171\" data-elementor-settings=\"[]\">\n\t\t\t\t\t\t\t<div class=\"elementor-section-wrap\">\n\t\t\t\t\t\t\t<section class=\"elementor-section elementor-top-section elementor-element elementor-element-36af239 elementor-section-boxed elementor-section-height-default elementor-section-height-default\" data-id=\"36af239\" data-element_type=\"section\">\n\t\t\t\t\t\t<div class=\"elementor-container elementor-column-gap-default\">\n\t\t\t\t\t<div class=\"elementor-column elementor-col-100 elementor-top-column elementor-element elementor-element-8352716\" data-id=\"8352716\" data-element_type=\"column\">\n\t\t\t<div class=\"elementor-widget-wrap elementor-element-populated\">\n\t\t\t\t\t\t\t\t<div class=\"elementor-element elementor-element-261c8f2 elementor-widget elementor-widget-shortcode\" data-id=\"261c8f2\" data-element_type=\"widget\" data-widget_type=\"shortcode.default\">\n\t\t\t\t<div class=\"elementor-widget-container\">\n\t\t\t\t\t<div class=\"elementor-shortcode\"><div id=\"accordions-5170\" class=\"accordions-5170 accordions\">\r\n                <div id=\"accordions-lazy-5170\" class=\"accordions-lazy\">\r\n                    <\/div>\r\n        <script>\r\n            jQuery(window).load(function(){\r\n                jQuery('#accordions-lazy-5170').fadeOut();\r\n                jQuery('#accordions-5170 .items').fadeIn();\r\n            });\r\n        <\/script><style type='text\/css'>\r\n        @media only screen and (min-width: 1024px ){\r\n            #accordions-5170 {\r\n                            width: 100%;\r\n                        }\r\n        }\r\n        @media only screen and ( min-width: 768px ) and ( max-width: 1023px ) {\r\n            #accordions-5170 {\r\n                            width: 100%;\r\n                        }\r\n        }\r\n        @media only screen and ( min-width: 0px ) and ( max-width: 767px ){\r\n            #accordions-5170 {\r\n                            width: 100%;\r\n                        }\r\n        }\r\n                    #accordions-5170 .items {display: none;}\r\n            #accordions-5170 .accordions-lazy {\r\n                text-align: center;\r\n                position: absolute;\r\n                top: 50%;\r\n                left: 50%;\r\n                transform: translate(-50%, -50%);\r\n            }\r\n            #accordions-5170 {\r\n                            text-align: left;\r\n                                        background:#ffffff url() repeat scroll 0 0;\r\n                                    position: relative;\r\n        }\r\n        #accordions-5170 .accordions-head{\r\n                    background:#29166f none repeat scroll 0 0;\r\n                                    outline: none;\r\n        }\r\n        #accordions-5170 .accordions-head-title{\r\n                            color:#ffffff;\r\n                            font-size:16px;\r\n                }\r\n        #accordions-5170 .accordions-head-title-toggle{\r\n                    color:#ffffff;\r\n                            font-size:16px;\r\n                }\r\n        #accordions-5170 .accordions-head:hover .accordions-head-title{\r\n                    color:#ffffff;\r\n                }\r\n        #accordions-5170 .ui-state-active{\r\n                    background: #0093dd;\r\n                    border: none;\r\n        }\r\n        #accordions-5170 .accordion-content{\r\n                            background:#ffffff none repeat scroll 0 0;\r\n                            color:#333333;\r\n                                            border: none;\r\n        }\r\n        #accordions-5170 .accordion-icons{\r\n                        color:#e5c13b;\r\n                                                                    }\r\n        #accordions-5170 .accordions-head:hover .accordion-icons span{\r\n                    }\r\n            <\/style>\r\n    <div class=\"items\">\r\n                        <div post_id=\"5170\" itemcount=\"0\" header_id=\"header-1670508829757\" id=\"header-1670508829757\" style=\"\" class=\"accordions-head head1670508829757 border-none\" toggle-text=\"\" main-text=\"O GA\">\r\n                                            <span id=\"accordion-icons-1670508829757\" class=\"accordion-icons\">\r\n                            <span class=\"accordion-icon-active accordion-plus\"><i class=\"fa fa-chevron-up\"><\/i><\/span>\r\n                            <span class=\"accordion-icon-inactive accordion-minus\"><i class=\"fa fa-chevron-down\"><\/i><\/span>\r\n                        <\/span>\r\n                        <span id=\"header-text-1670508829757\" class=\"accordions-head-title\">O GA<\/span>\r\n                                        <\/div>\r\n                <div class=\"accordion-content content1670508829757 \">\r\n                    <p><span style=\"font-weight: 400\">O <\/span><b>Centro de Educa\u00e7\u00e3o B\u00e1sica Gustavo Adolfo<\/b><span style=\"font-weight: 400\">, o <\/span><b>GA,<\/b><span style=\"font-weight: 400\"> comemora em 2025, 58 anos de atua\u00e7\u00e3o e contribui\u00e7\u00e3o na Educa\u00e7\u00e3o, consolidando-se como uma Institui\u00e7\u00e3o reconhecida pela qualidade e excel\u00eancia do Ensino no munic\u00edpio de Lajeado e em toda a regi\u00e3o. Entre seus diferenciais est\u00e1 uma escolariza\u00e7\u00e3o personalizada e humanizada; estudantes como meio de transforma\u00e7\u00e3o social, tecnologia e cientificidade como base de suas metodologias.<\/span><\/p>\n<p><span style=\"font-weight: 400\">O GA integra a Rede Sinodal de Escolas Evang\u00e9licas de Confiss\u00e3o Luterana, herdeira de longa tradi\u00e7\u00e3o educacional trazida ao Brasil por imigrantes luteranos alem\u00e3es em 1824. Possui como mantenedora a Institui\u00e7\u00e3o Sinodal de Assist\u00eancia, Educa\u00e7\u00e3o e Cultura (ISAEC).<\/span><\/p>\n<p><span style=\"font-weight: 400\">O educand\u00e1rio fundamenta sua filosofia educacional no desenvolvimento do SER HUMANO em toda sua plenitude \u2013 espiritual, cultural e corporal -, comprometendo-se a atuar em prol do bem comum para a transforma\u00e7\u00e3o do mundo. O estudante do GA tem o perfil criativo, emp\u00e1tico, sens\u00edvel, protagonista, cr\u00edtico, consciente e \u00e9tico.<\/span><\/p>\n<p><span style=\"font-weight: 400\">Viver e Conviver s\u00e3o conceitos que servem de base para os princ\u00edpios pedag\u00f3gicos do GA: Conhecimento, Cria\u00e7\u00e3o, Experi\u00eancia, Comunica\u00e7\u00e3o e Conex\u00e3o.<\/span><\/p>\n<p><span style=\"font-weight: 400\">A Institui\u00e7\u00e3o tem duas escolas: o <\/span><b>Col\u00e9gio Sinodal Gustavo Adolfo<\/b><span style=\"font-weight: 400\">, que oferece Educa\u00e7\u00e3o Infantil e Ensino Fundamental (1\u00ba a 7\u00ba ano), localizado na Rua Miguel Tostes, n\u00ba 425, bairro S\u00e3o Crist\u00f3v\u00e3o; e a <\/span><b>Unidade de Ensino M\u00e9dio Gustavo Adolfo - Campus Univates<\/b><span style=\"font-weight: 400\">, que acolhe os estudantes de 8\u00ba e 9\u00ba ano do Ensino Fundamental e Ensino M\u00e9dio, localizada na Avenida Avelino Talini, n\u00famero 171, bairro Universit\u00e1rio. Ambas as escolas est\u00e3o \u00e0 margem direita da BR-386 em Lajeado e atendem cerca de 850 estudantes em toda a Educa\u00e7\u00e3o B\u00e1sica.<\/span><\/p>\n<p><span style=\"font-weight: 400\">O GA \u00e9 caracterizado pelo compromisso com a comunidade em diversas a\u00e7\u00f5es. H\u00e1 dois grandes eventos que integram o calend\u00e1rio acad\u00eamico e movimentam anualmente, de forma especial, toda a comunidade escolar e pr\u00f3xima ao GA: Festival do Livro, da \u00e1rea cultural, que chegou \u00e0 22\u00aa edi\u00e7\u00e3o em 2024; e Ateli\u00ea Cient\u00edfico, que desenvolve a cientificidade em uma semana de atividades de bancas e apresenta\u00e7\u00f5es de pesquisas.<\/span><\/p>\n<p><span style=\"font-weight: 400\">Atualmente, o GA \u00e9 <\/span><b>a Escola Bil\u00edngue do Vale do Taquari.<\/b><\/p>\n<p><div id=\"attachment_196\" style=\"width: 335px\" class=\"wp-caption aligncenter\"><img decoding=\"async\" loading=\"lazy\" aria-describedby=\"caption-attachment-196\" class=\"wp-image-196\" src=\"http:\/\/gustavoadolfo.com.br\/portal\/wp-content\/uploads\/2018\/04\/historico-300x275-300x275.jpg\" alt=\"\" width=\"325\" height=\"298\" \/><p id=\"caption-attachment-196\" class=\"wp-caption-text\">Foto antiga do Col\u00e9gio.<\/p><\/div><\/p>\n<p><div id=\"attachment_5211\" style=\"width: 596px\" class=\"wp-caption aligncenter\"><img decoding=\"async\" loading=\"lazy\" aria-describedby=\"caption-attachment-5211\" class=\"wp-image-5211 size-medium\" src=\"https:\/\/gustavoadolfo.com.br\/saocristovao\/wp-content\/uploads\/2022\/12\/Fachada_2022_ga.png\" alt=\"\" width=\"586\" height=\"352\" \/><p id=\"caption-attachment-5211\" class=\"wp-caption-text\">Fachada principal em 2022 com guarita de seguran\u00e7a e controle eletr\u00f4nico de acesso (catracas).<\/p><\/div><\/p>\n<p class=\"texto\" align=\"justify\"><strong>FILOSOFIA<\/strong><\/p>\n<p>O Centro de Educa\u00e7\u00e3o B\u00e1sica Gustavo Adolfo fundamenta sua filosofia educacional no desenvolvimento do SER HUMANO em toda sua plenitude \u2013 espiritual, cultural e corporal -, comprometendo-se a atuar em prol do bem-comum para a transforma\u00e7\u00e3o do mundo.<\/p>\n<p><strong>MISS\u00c3O<\/strong><br \/>\nPromover a forma\u00e7\u00e3o plena do ser humano para transformar o mundo.<\/p>\n<p><strong>VIS\u00c3O<\/strong><br \/>\nAt\u00e9 2030, ser refer\u00eancia no mercado em que atua como institui\u00e7\u00e3o de ensino privado de vanguarda, que se dedica \u00e0 forma\u00e7\u00e3o plena do ser humano para o bem-comum.<\/p>\n<p><strong>VALORES<\/strong><br \/>\nFam\u00edlia, comprometimento, autonomia, inova\u00e7\u00e3o e excel\u00eancia.<\/p>\n                <\/div>\r\n                                <div post_id=\"5170\" itemcount=\"1\" header_id=\"header-1670508854596\" id=\"header-1670508854596\" style=\"\" class=\"accordions-head head1670508854596 border-none\" toggle-text=\"\" main-text=\"Setores\">\r\n                                            <span id=\"accordion-icons-1670508854596\" class=\"accordion-icons\">\r\n                            <span class=\"accordion-icon-active accordion-plus\"><i class=\"fa fa-chevron-up\"><\/i><\/span>\r\n                            <span class=\"accordion-icon-inactive accordion-minus\"><i class=\"fa fa-chevron-down\"><\/i><\/span>\r\n                        <\/span>\r\n                        <span id=\"header-text-1670508854596\" class=\"accordions-head-title\">Setores<\/span>\r\n                                        <\/div>\r\n                <div class=\"accordion-content content1670508854596 \">\r\n                    <p><a href=\"https:\/\/gustavoadolfo.com.br\/univates\/conselho-administrativo\/\">Conselho Administrativo<\/a><\/p>\n<p><a href=\"https:\/\/gustavoadolfo.com.br\/univates\/appa\/\">APPA<\/a><\/p>\n<p><a href=\"https:\/\/gustavoadolfo.com.br\/saocristovao\/cipaa\/\">CIPAA<\/a><\/p>\n<p><a href=\"https:\/\/gustavoadolfo.com.br\/univates\/setor-social\/\">Setor Social<\/a><\/p>\n<p><a href=\"https:\/\/gustavoadolfo.com.br\/univates\/gremio-estudantil\/\">Gr\u00eamio Estudantil<\/a><\/p>\n                <\/div>\r\n                                <div post_id=\"5170\" itemcount=\"2\" header_id=\"header-1670508875695\" id=\"header-1670508875695\" style=\"\" class=\"accordions-head head1670508875695 border-none\" toggle-text=\"\" main-text=\"Equipe Diretiva\">\r\n                                            <span id=\"accordion-icons-1670508875695\" class=\"accordion-icons\">\r\n                            <span class=\"accordion-icon-active accordion-plus\"><i class=\"fa fa-chevron-up\"><\/i><\/span>\r\n                            <span class=\"accordion-icon-inactive accordion-minus\"><i class=\"fa fa-chevron-down\"><\/i><\/span>\r\n                        <\/span>\r\n                        <span id=\"header-text-1670508875695\" class=\"accordions-head-title\">Equipe Diretiva<\/span>\r\n                                        <\/div>\r\n                <div class=\"accordion-content content1670508875695 \">\r\n                    <p><strong>Diretor:<\/strong>\u00a0Edson Wieth\u00f6lter\u00a0\u00a0\u00a0e-mail:\u00a0<a href=\"mailto:direcao@gustavoadolfo.com.br\">direcao@gustavoadolfo.com.br <\/a><br \/>\n<strong>Vice-diretora:<\/strong> Rosilene K\u00f6nig e-mail: <a href=\"mailto:vicedirecao@gustavoadolfo.com.br\">vicedirecao@gustavoadolfo.com.br<\/a><br \/>\n<strong>Setor Financeiro:<\/strong>\u00a0Tiago Lagemann\u00a0\u00a0\u00a0e-mail:\u00a0<a href=\"mailto:tiago.adm@gustavoadolfo.com.br\">tiago.adm@gustavoadolfo.com.br<\/a><br \/>\n<strong>Setor Administrativo:<\/strong> Fernando Bioeu\u00a0\u00a0\u00a0e-mail:\u00a0<a href=\"mailto:fernandob@gustavoadolfo.com.br\">fernandob@gustavoadolfo.com.br<\/a><br \/>\n<strong>Secretaria Escolar\/ Campus S\u00e3o Crist\u00f3v\u00e3o:<\/strong>\u00a0Paula Cristine Kaufmann\u00a0\u00a0\u00a0e-mail:\u00a0<a href=\"mailto:secretaria@gustavoadolfo.com.br\">secretaria@gustavoadolfo.com.br<\/a><br \/>\n<strong>Secretaria Escolar\/Campus Univates: <\/strong>Andria Kauana Menezes Rodrigues e-mail: <a href=\"mailto:secretariaem@gustavoadolfo.com.br\">secretariaem@gustavoadolfo.com.br<\/a><br \/>\n<strong>Tecnologia:<\/strong>\u00a0Gabriel Zanatta\u00a0\u00a0\u00a0e-mail:\u00a0<a href=\"mailto:gabriel.informatica@gustavoadolfo.com.br\">gabriel.informatica@gustavoadolfo.com.br<\/a><br \/>\n<strong>Coordenador Pedag\u00f3gico da Educa\u00e7\u00e3o Infantil ao 7\u00ba ano do Ensino Fundamental:<\/strong> Gustavo Moraes e-mail:<a href=\"mailto:gustavo.coord@gustavoadolfo.com.br\"> gustavo.coord@gustavoadolfo.com.br<\/a><br \/>\n<strong>Coordenadora Pedag\u00f3gica do Ensino Bil\u00edngue:<\/strong> J\u00e9ssica Meneghini e-mail:<a href=\"mailto:gustavo.coord@gustavoadolfo.com.br\"> coordenacao.bilingue@gustavoadolfo.com.br<\/a><br \/>\n<strong>Orientadora Educacional da Unidade Col\u00e9gio Sinodal Gustavo Adolfo:<\/strong> Ang\u00e9lica Heinen Mahle\u00a0\u00a0\u00a0e-mail: <a href=\"mailto:angelica.orientadora@gustavoadolfo.com.br\">angelica.orientadora@gustavoadolfo.com.br<\/a><br \/>\n<strong>Coordenador Pedag\u00f3gico do 8\u00ba e 9\u00ba ano Ensino Fundamental e Ensino M\u00e9dio:<\/strong>\u00a0 Michel Machado e-mail:<a href=\"mailto:gustavo.coord@gustavoadolfo.com.br\"> michel.machado@gustavoadolfo.com.br<\/a><br \/>\n<strong>Orientadora Educacional da Unidade de Ensino M\u00e9dio Gustavo Adolfo - Campus Univates:<\/strong>\u00a0Sheila Lenhard\u00a0\u00a0\u00a0e-mail:\u00a0<a href=\"mailto:sheila.orientadora@gustavoadolfo.com.br\">sheila.orientadora@gustavoadolfo.com.br<\/a><\/p>\n                <\/div>\r\n                                <div post_id=\"5170\" itemcount=\"3\" header_id=\"header-1670508899043\" id=\"header-1670508899043\" style=\"\" class=\"accordions-head head1670508899043 border-none\" toggle-text=\"\" main-text=\"Equipe Docente\">\r\n                                            <span id=\"accordion-icons-1670508899043\" class=\"accordion-icons\">\r\n                            <span class=\"accordion-icon-active accordion-plus\"><i class=\"fa fa-chevron-up\"><\/i><\/span>\r\n                            <span class=\"accordion-icon-inactive accordion-minus\"><i class=\"fa fa-chevron-down\"><\/i><\/span>\r\n                        <\/span>\r\n                        <span id=\"header-text-1670508899043\" class=\"accordions-head-title\">Equipe Docente<\/span>\r\n                                        <\/div>\r\n                <div class=\"accordion-content content1670508899043 \">\r\n                    <p><strong>Educa\u00e7\u00e3o Infantil<\/strong><\/p>\n<p>Ana Paula Meneghetti - N\u00edvel 1 A e B e N\u00edvel 2 B<br \/>\nFrancine Messa Hoesler - N\u00edvel 3 A<br \/>\nLuana Fischer Bassegio (teacher) - N\u00edvel 3 C<br \/>\nMagali Leticia Dentee - N\u00edvel 3 C<br \/>\nManuela Lisot (teacher) - N\u00edvel 3 B<br \/>\nTatiane Machado Dias - N\u00edvel 2 A<br \/>\nPaula Roberta R\u00f6hrig - N\u00edvel 3 B<br \/>\nVanessa Possamai Comel (teacher) - N\u00edvel 3 A<\/p>\n<p><strong>Anos Iniciais Ensino Fundamental\u00a0<\/strong><\/p>\n<p>Afonso Markmann (teacher) - 2\u00ba ano C<b><br \/>\n<\/b>Aline Pereira - 1\u00ba ano A<br \/>\nB\u00e1rbara Lange (teacher) - 1\u00ba ano D<br \/>\nCarine dos Santos - 4\u00ba ano B<br \/>\nClaimere Pasa - 5\u00ba ano A<br \/>\nClarissa de Oliveira Arend (teacher) - 3\u00ba ano B<br \/>\nDaniela Regina Kraemer - 5\u00ba ano C<br \/>\nDeise Ely - 4\u00ba ano A<br \/>\nEster Signori Guerreiro (teacher) - 4\u00ba ano C<br \/>\nGabriela Von M\u00fchlen - 4\u00ba ano C<br \/>\nGreicieli Wermann - 3\u00ba ano A<br \/>\nJ\u00e9ssica Lourdes Cornelli - 1\u00ba ano D<br \/>\nJaqueline dos Santos Sarmento (teacher) - 3\u00ba ano A<br \/>\nLa\u00eds Menezes Leonhardt (teacher) - 4\u00ba ano B<br \/>\nLarissa de Souza Ferreira - 1\u00ba ano C<br \/>\nLelane Shoeman (teacher) - 4\u00ba ano A<br \/>\nLeonardo Menegotto Braun - 5\u00ba ano B<br \/>\nLet\u00edcia Leidens Kunzler (teacher) - 2\u00ba ano B<br \/>\nLuiza Marques de Siqueira (teacher) -\u00a05\u00ba ano C<br \/>\nMicaela Schulte - 2\u00ba ano A\u00ba<br \/>\nMilla Ferreira (teacher) - 1\u00ba ano A<br \/>\nMilene Ziebell (teacher) - 3\u00ba ano C<br \/>\nN\u00e1dia Regina Scheider Hollmann - 1\u00ba ano B<br \/>\nRaquel Vian Rodrigues (teacher) -\u00a05\u00ba ano B<br \/>\nRenata da Silva - 2\u00ba ano B<br \/>\nRoxane Nadine Concei\u00e7\u00e3o - 2\u00ba ano C<br \/>\nSamanta Carini Giovanella - 1\u00ba ano C<br \/>\nSofia Scheid Wolmeister (teacher) - 2\u00ba ano A<br \/>\nTainara Raquel Keil (teacher) - 1\u00ba ano B<br \/>\nTatiane Hass - 3\u00ba ano C<br \/>\nValqu\u00edria Cardoso Ritter - 3\u00ba ano B<br \/>\nVit\u00f3ria Klunck da Silva (teacher) - 5\u00ba ano A<\/p>\n<p><strong>Professores Disciplinas Espec\u00edficas Educa\u00e7\u00e3o Infantil e Anos Iniciais<\/strong><\/p>\n<p>Claudia Thomas Queiroz - M\u00fasica<br \/>\nHenrique Darde Pretto - Educa\u00e7\u00e3o F\u00edsica<br \/>\nLet\u00edcia Leidens Kunzler - L\u00edngua Inglesa (N\u00edveis 1 e 2 B tarde)<br \/>\nNancy Maria Dresch Arenhart - L\u00edngua Inglesa (N\u00edveis 1 e 2 manh\u00e3)<br \/>\nPablo Andr\u00e9 Massotti - Tecnologia<\/p>\n<p><strong>Anos Finais Ensino Fundamental\u00a0<\/strong><\/p>\n<p>Adriana Magedanz - Matem\u00e1tica - 8\u00ba ano<br \/>\nAna Cristina Petry Markmann - Matem\u00e1tica - 9\u00ba ano<br \/>\nAndresa Metzelthin - Ci\u00eancias - 6\u00ba, 7\u00ba e 8\u00ba anos<br \/>\nGraziela Hofstatter Fracalossi - L\u00edngua Portuguesa - 6\u00ba, 7\u00ba e 8\u00ba ano A - Reda\u00e7\u00e3o - 8\u00ba anos<br \/>\nGustavo Carvalho - M\u00fasica - 4\u00ba, 5\u00ba, 6\u00ba, 7\u00ba, 8\u00ba e 9\u00ba anos<br \/>\nIsamara de Oliveira - L\u00edngua Portugues - 8\u00ba ano B e 9\u00ba anos<br \/>\nJanine Cristine Muller - Linguagens - 9\u00ba ano<br \/>\nJaqueline Luiza Klein - 9\u00ba ano<br \/>\nKarlin Betina Nonnemacher - Educa\u00e7\u00e3o F\u00edsica - 6\u00ba, 7\u00ba e 8\u00ba anos<br \/>\nLauren Waiss da Rosa - Ci\u00eancias Humanas e Sociais - 9\u00ba ano<br \/>\nLeandro Menegotto Braun - Arte - 6\u00ba, 7\u00ba e 8\u00ba anos<br \/>\nLeonardo Menegotto Braun - Hist\u00f3ria - 6\u00ba anos<br \/>\nLuiza Marques de Siqueira (teacher) - Ci\u00eancias no 6\u00ba ano A e B<br \/>\nRaquel Vian Rodrigues (teacher) - Matem\u00e1tica no 6\u00ba ano<br \/>\nMara Betina Forneck - Ensino Religioso e Geografia - 6\u00ba, 7\u00ba e 8\u00ba anos<br \/>\nMelissa Sell - L\u00edngua Inglesa - 8\u00ba e 9\u00ba anos<br \/>\nNancy Maria Dresch Arenhart - Art e L\u00edngua Inglesa - 6\u00ba e 7\u00ba anos<br \/>\nNeusa Maria Schlabitz Gr\u00e4bin - Matem\u00e1tica - 6\u00ba e 7\u00ba anos<br \/>\nPablo Andr\u00e9 Massotti - Tecnologia - 6\u00ba , 7\u00ba e 9 \u00ba anos<br \/>\nPaula Dresch dos Santos - Hist\u00f3ria - 7\u00ba, 8\u00ba e 9\u00ba anos<\/p>\n<p><strong>Ensino M\u00e9dio<\/strong><\/p>\n<p>Adriana Magedanz - Matem\u00e1tica - 1\u00ba, 2\u00ba e 3\u00ba ano<br \/>\nAna Cristina Petry Markmann - Matem\u00e1tica - 1\u00ba, 2\u00ba, 3\u00ba ano<br \/>\nAugusto Bortolini Chiarelli - Linguagens - 1\u00ba, 2\u00ba, 3\u00ba ano<br \/>\nCleide Borsoi - Ci\u00eancias da Natureza - 1\u00ba, 2\u00ba, 3\u00ba ano<br \/>\nCristine In\u00eas Brauwers - Ci\u00eancias da Natureza - 1\u00ba, 2\u00ba e 3\u00ba ano<br \/>\nDeniso Possamai Dias \u2013 Linguagens \u2013 1\u00ba, 2\u00ba e 3\u00ba ano<br \/>\nFabiane Cristini K\u00f6nig - Ci\u00eancias da Natureza - 1\u00ba, 2\u00ba, 3\u00ba ano<br \/>\nFernando Castro Martins \u2013 Linguagens \u2013 1\u00ba, 2\u00ba e 3\u00ba ano<br \/>\nGraziela Ely - Projeto de Vida - 1\u00ba, 2\u00ba, 3\u00ba ano<br \/>\nGuilherme Henrique Scheffler - Trilha - 3\u00ba ano<br \/>\nHenrique Lopes \u2013 Ci\u00eancias Humanas e Sociais \u2013 1\u00ba, 2\u00ba e 3\u00ba Ano<br \/>\nJaqueline Luiza Klein \u2013 Educa\u00e7\u00e3o F\u00edsica - 1\u00ba, 2\u00ba e 3\u00ba ano<br \/>\nJonathan Giovanella Laste \u2013 Ci\u00eancias Humanas e Sociais \u2013 1\u00ba ano<br \/>\nLauren Waiss da Rosa - Ci\u00eancias Humanas e Sociais - 1\u00ba, 2\u00ba e 3\u00ba ano<br \/>\nMichel Machado - Projeto de Vida - 1\u00ba, 2\u00ba, 3\u00ba ano<br \/>\nPablo Capalonga - Linguagens - 1\u00ba, 2\u00ba, 3\u00ba ano<br \/>\nPablo Andr\u00e9 Massotti - Trilha - 2\u00ba ano<br \/>\nPaula Dresch dos Santos - Ci\u00eancias Humanas e Sociais - 1\u00ba, 2\u00ba e 3\u00ba ano<br \/>\nVanessa Brand\u00e3o de Vargas - Matem\u00e1tica - 1\u00ba e 3\u00ba ano<\/p>\n<p>Professora Especialista em Inclus\u00e3o Escolar (Laborat\u00f3rio de Aprendizagem e Sala de Recursos) - Educa\u00e7\u00e3o Infantil ao Ensino M\u00e9dio - Neiva Rejane Weissheimer<\/p>\n                <\/div>\r\n                    <\/div>\r\n    <script>\r\n        jQuery(document).ready(function($){accordions_active_index_5170 = [];        })\r\n    <\/script>    <script>\r\n        jQuery(document).ready(function($){\r\n            accordion_5170  = $(\"#accordions-5170 .items\").accordion({\r\n                event: \"click\",\r\n                collapsible:true,\r\n                heightStyle: \"content\",\r\n                animate: (\"swing\", 1000),\r\n                navigation: true,\r\n                active: 999,\r\n                            });\r\n        })\r\n    <\/script>\r\n                <\/div><\/div>\n\t\t\t\t<\/div>\n\t\t\t\t<\/div>\n\t\t\t\t\t<\/div>\n\t\t<\/div>\n\t\t\t\t\t\t\t<\/div>\n\t\t<\/section>\n\t\t\t\t\t\t<\/div>\n\t\t\t\t\t<\/div>\n\t\t","protected":false},"excerpt":{"rendered":"","protected":false},"author":1,"featured_media":0,"parent":0,"menu_order":0,"comment_status":"closed","ping_status":"closed","template":"","meta":[],"_links":{"self":[{"href":"https:\/\/gustavoadolfo.com.br\/univates\/wp-json\/wp\/v2\/pages\/5171"}],"collection":[{"href":"https:\/\/gustavoadolfo.com.br\/univates\/wp-json\/wp\/v2\/pages"}],"about":[{"href":"https:\/\/gustavoadolfo.com.br\/univates\/wp-json\/wp\/v2\/types\/page"}],"author":[{"embeddable":true,"href":"https:\/\/gustavoadolfo.com.br\/univates\/wp-json\/wp\/v2\/users\/1"}],"replies":[{"embeddable":true,"href":"https:\/\/gustavoadolfo.com.br\/univates\/wp-json\/wp\/v2\/comments?post=5171"}],"version-history":[{"count":4,"href":"https:\/\/gustavoadolfo.com.br\/univates\/wp-json\/wp\/v2\/pages\/5171\/revisions"}],"predecessor-version":[{"id":5176,"href":"https:\/\/gustavoadolfo.com.br\/univates\/wp-json\/wp\/v2\/pages\/5171\/revisions\/5176"}],"wp:attachment":[{"href":"https:\/\/gustavoadolfo.com.br\/univates\/wp-json\/wp\/v2\/media?parent=5171"}],"curies":[{"name":"wp","href":"https:\/\/api.w.org\/{rel}","templated":true}]}}