{"id":5054,"date":"2022-06-21T11:11:56","date_gmt":"2022-06-21T14:11:56","guid":{"rendered":"https:\/\/csgustavoadolfo.com.br\/univates\/?page_id=5054"},"modified":"2026-03-24T08:46:09","modified_gmt":"2026-03-24T11:46:09","slug":"editais-e-outras-publicacoes-legais","status":"publish","type":"page","link":"https:\/\/gustavoadolfo.com.br\/univates\/editais-e-outras-publicacoes-legais\/","title":{"rendered":"Editais e Outras Publica\u00e7\u00f5es Legais"},"content":{"rendered":"\t\t<div data-elementor-type=\"wp-page\" data-elementor-id=\"5054\" class=\"elementor elementor-5054\" data-elementor-settings=\"[]\">\n\t\t\t\t\t\t\t<div class=\"elementor-section-wrap\">\n\t\t\t\t\t\t\t<section class=\"elementor-section elementor-top-section elementor-element elementor-element-610f8dc elementor-section-boxed elementor-section-height-default elementor-section-height-default\" data-id=\"610f8dc\" data-element_type=\"section\">\n\t\t\t\t\t\t<div class=\"elementor-container elementor-column-gap-default\">\n\t\t\t\t\t<div class=\"elementor-column elementor-col-100 elementor-top-column elementor-element elementor-element-1be5bfe\" data-id=\"1be5bfe\" data-element_type=\"column\">\n\t\t\t<div class=\"elementor-widget-wrap\">\n\t\t\t\t\t\t\t\t\t<\/div>\n\t\t<\/div>\n\t\t\t\t\t\t\t<\/div>\n\t\t<\/section>\n\t\t\t\t<section class=\"elementor-section elementor-top-section elementor-element elementor-element-0ba4140 elementor-section-boxed elementor-section-height-default elementor-section-height-default\" data-id=\"0ba4140\" data-element_type=\"section\">\n\t\t\t\t\t\t<div class=\"elementor-container elementor-column-gap-default\">\n\t\t\t\t\t<div class=\"elementor-column elementor-col-100 elementor-top-column elementor-element elementor-element-dfdb5b8\" data-id=\"dfdb5b8\" data-element_type=\"column\">\n\t\t\t<div class=\"elementor-widget-wrap elementor-element-populated\">\n\t\t\t\t\t\t\t\t<div class=\"elementor-element elementor-element-89e382b elementor-widget elementor-widget-text-editor\" data-id=\"89e382b\" data-element_type=\"widget\" data-widget_type=\"text-editor.default\">\n\t\t\t\t<div class=\"elementor-widget-container\">\n\t\t\t\t\t\t\t<section data-id=\"548f168\" data-element_type=\"section\"><div data-id=\"6019912\" data-element_type=\"column\"><div data-id=\"03cc946\" data-element_type=\"widget\" data-widget_type=\"text-editor.default\"><h2>Editais<\/h2><p>Para visualizar os editais, clique no nome dos mesmos.<\/p><h3><span style=\"font-weight: 400;\">2025<\/span><\/h3><ul><li><a href=\"https:\/\/www.gustavoadolfo.com.br\/arquivos\/bolsas\/2026\/univates\/Edital_03_2025_Bolsas_2026_Univates.pdf\">Edital 3 &#8211; Bolsas de Estudo &#8211; Per\u00edodo Letivo 2026.<\/a>\u00a0 (Para visualizar os documentos <a href=\"https:\/\/bolsas.gustavoadolfo.com.br\">clique aqui<\/a>)<\/li><li><a href=\"https:\/\/www.gustavoadolfo.com.br\/arquivos\/editais\/2025\/Edital_04_2025_Anuidade_2026.pdf\">Edital 4 &#8211; Valores da Anuidade Per\u00edodo Letivo 2026<\/a><\/li><li><a href=\"https:\/\/www.gustavoadolfo.com.br\/arquivos\/editais\/2025\/Edital_06_2025_Vaga_Emprego_Professor_Portugues.pdf\"><span style=\"text-decoration: underline;\">Edital 6 &#8211; Vaga de Emprego &#8211; Professor de L\u00edngua Portuguesa\/Reda\u00e7\u00e3o\/Literatura<\/span><\/a><\/li><li><a href=\"https:\/\/www.gustavoadolfo.com.br\/arquivos\/editais\/2025\/Edital_07_2025_Vaga_Emprego_Professor_Matematica.pdf\"><span style=\"text-decoration: underline;\">Edital 7 &#8211; Vaga de Emprego &#8211; Professor de Matem\u00e1tica<\/span><\/a><\/li><li><a href=\"https:\/\/www.gustavoadolfo.com.br\/arquivos\/editais\/2025\/Edital_08_2025_Vaga_Emprego_Professor_Ingles.pdf\"><span style=\"text-decoration: underline;\">Edital 8 &#8211; Vaga de Emprego &#8211; Professor de L\u00edngua Inglesa Educa\u00e7\u00e3o Infantil e Anos Iniciais<\/span><\/a><\/li><\/ul><h3>2026<\/h3><ul><li><a href=\"https:\/\/www.gustavoadolfo.com.br\/arquivos\/editais\/2026\/Edital_01_2026_Professor_Ingles_EM.pdf\"><span style=\"text-decoration: underline;\">Edital 1 &#8211; Vaga de Emprego &#8211; Professor de L\u00edngua Inglesa Ensino M\u00e9dio<\/span><\/a><\/li><\/ul><p style=\"margin-bottom: 15px; font-family: Roboto; font-weight: 400; font-size: 16px; line-height: 25px; color: #727272; background-color: #fafafa;\">\u00a0<\/p><\/div><\/div><\/section><section data-id=\"4e536a5\" data-element_type=\"section\"><div data-id=\"12f558b\" data-element_type=\"column\"><div data-id=\"9367059\" data-element_type=\"widget\" data-widget_type=\"text-editor.default\"><h2>Documentos Legais<\/h2><div>\u00a0<\/div><ul><li><a href=\"https:\/\/www.gustavoadolfo.com.br\/arquivos\/contratos\/Contrato_prest_educ_2024.pdf\">Contrato de presta\u00e7\u00e3o de servi\u00e7os educacionais &#8211; 2025<\/a><\/li><\/ul><\/div><p><strong>Observa\u00e7\u00e3o: para visualizar os editais e demais documentos, \u00e9 necess\u00e1rio ter instalado um software leitor de arquivos .PDF em seu computador ou dispositivo.<\/strong><\/p><\/div><\/section>\t\t\t\t\t\t<\/div>\n\t\t\t\t<\/div>\n\t\t\t\t\t<\/div>\n\t\t<\/div>\n\t\t\t\t\t\t\t<\/div>\n\t\t<\/section>\n\t\t\t\t\t\t<\/div>\n\t\t\t\t\t<\/div>\n\t\t","protected":false},"excerpt":{"rendered":"<p>Editais Para visualizar os editais, clique no nome dos mesmos. 2025 Edital 3 &#8211; Bolsas de Estudo &#8211; Per\u00edodo Letivo 2026.\u00a0 (Para visualizar os documentos clique aqui) Edital 4 &#8211; Valores da Anuidade Per\u00edodo Letivo 2026 Edital 6 &#8211; Vaga de Emprego &#8211; Professor de L\u00edngua Portuguesa\/Reda\u00e7\u00e3o\/Literatura Edital 7 &#8211; Vaga de Emprego &#8211; Professor<br \/><a class=\"moretag\" href=\"https:\/\/gustavoadolfo.com.br\/univates\/editais-e-outras-publicacoes-legais\/\">+ Read More<\/a><\/p>\n","protected":false},"author":1,"featured_media":0,"parent":0,"menu_order":0,"comment_status":"closed","ping_status":"closed","template":"templates\/elementor.php","meta":[],"_links":{"self":[{"href":"https:\/\/gustavoadolfo.com.br\/univates\/wp-json\/wp\/v2\/pages\/5054"}],"collection":[{"href":"https:\/\/gustavoadolfo.com.br\/univates\/wp-json\/wp\/v2\/pages"}],"about":[{"href":"https:\/\/gustavoadolfo.com.br\/univates\/wp-json\/wp\/v2\/types\/page"}],"author":[{"embeddable":true,"href":"https:\/\/gustavoadolfo.com.br\/univates\/wp-json\/wp\/v2\/users\/1"}],"replies":[{"embeddable":true,"href":"https:\/\/gustavoadolfo.com.br\/univates\/wp-json\/wp\/v2\/comments?post=5054"}],"version-history":[{"count":128,"href":"https:\/\/gustavoadolfo.com.br\/univates\/wp-json\/wp\/v2\/pages\/5054\/revisions"}],"predecessor-version":[{"id":6055,"href":"https:\/\/gustavoadolfo.com.br\/univates\/wp-json\/wp\/v2\/pages\/5054\/revisions\/6055"}],"wp:attachment":[{"href":"https:\/\/gustavoadolfo.com.br\/univates\/wp-json\/wp\/v2\/media?parent=5054"}],"curies":[{"name":"wp","href":"https:\/\/api.w.org\/{rel}","templated":true}]}}