{"id":5031,"date":"2022-06-21T10:09:00","date_gmt":"2022-06-21T13:09:00","guid":{"rendered":"https:\/\/csgustavoadolfo.com.br\/univates\/?page_id=5031"},"modified":"2025-07-01T10:13:44","modified_gmt":"2025-07-01T13:13:44","slug":"entre-em-contato-conosco","status":"publish","type":"page","link":"https:\/\/gustavoadolfo.com.br\/univates\/entre-em-contato-conosco\/","title":{"rendered":"Entre em contato conosco"},"content":{"rendered":"\t\t<div data-elementor-type=\"wp-page\" data-elementor-id=\"5031\" class=\"elementor elementor-5031\" data-elementor-settings=\"[]\">\n\t\t\t\t\t\t\t<div class=\"elementor-section-wrap\">\n\t\t\t\t\t\t\t<section class=\"elementor-section elementor-top-section elementor-element elementor-element-da253e8 elementor-section-boxed elementor-section-height-default elementor-section-height-default\" data-id=\"da253e8\" data-element_type=\"section\">\n\t\t\t\t\t\t<div class=\"elementor-container elementor-column-gap-default\">\n\t\t\t\t\t<div class=\"elementor-column elementor-col-100 elementor-top-column elementor-element elementor-element-e1ea09e\" data-id=\"e1ea09e\" data-element_type=\"column\">\n\t\t\t<div class=\"elementor-widget-wrap elementor-element-populated\">\n\t\t\t\t\t\t\t\t<div class=\"elementor-element elementor-element-2fd315e elementor-widget elementor-widget-text-editor\" data-id=\"2fd315e\" data-element_type=\"widget\" data-widget_type=\"text-editor.default\">\n\t\t\t\t<div class=\"elementor-widget-container\">\n\t\t\t\t\t\t\t<div>Centro de Educa\u00e7\u00e3o B\u00e1sica Gustavo Adolfo<\/div><div>Unidade de Ensino M\u00e9dio Gustavo Adolfo &#8211; Campus Univates<\/div><div>Institui\u00e7\u00e3o Sinodal de Assist\u00eancia Educa\u00e7\u00e3o e Cultura<\/div><div>CNPJ: 96.746.441\/0045-27<\/div><div>Av. Avelino Talini, 171<br \/>Bairro Universit\u00e1rio<br \/>Lajeado-RS<br \/>CEP 95914-014<\/div><div>Telefone\/Whatsapp: <a href=\"https:\/\/wa.me\/555137143214\">51-3714-3214 <\/a><\/div><div>E-mail: <a href=\"mailto:secretariaem@gustavoadolfo.com.br\">secretariaem@gustavoadolfo.com.br<\/a><\/div><div>\u00a0<\/div>\t\t\t\t\t\t<\/div>\n\t\t\t\t<\/div>\n\t\t\t\t\t<\/div>\n\t\t<\/div>\n\t\t\t\t\t\t\t<\/div>\n\t\t<\/section>\n\t\t\t\t<section class=\"elementor-section elementor-top-section elementor-element elementor-element-03bd0b0 elementor-section-boxed elementor-section-height-default elementor-section-height-default\" data-id=\"03bd0b0\" data-element_type=\"section\">\n\t\t\t\t\t\t<div class=\"elementor-container elementor-column-gap-default\">\n\t\t\t\t\t<div class=\"elementor-column elementor-col-50 elementor-top-column elementor-element elementor-element-2fd2ce2\" data-id=\"2fd2ce2\" data-element_type=\"column\">\n\t\t\t<div class=\"elementor-widget-wrap elementor-element-populated\">\n\t\t\t\t\t\t\t\t<div class=\"elementor-element elementor-element-20c2c0f elementor-align-center elementor-widget elementor-widget-button\" data-id=\"20c2c0f\" data-element_type=\"widget\" data-widget_type=\"button.default\">\n\t\t\t\t<div class=\"elementor-widget-container\">\n\t\t\t\t\t<div class=\"elementor-button-wrapper\">\n\t\t\t<a href=\"https:\/\/www.gustavoadolfo.com.br\/curriculos\" class=\"elementor-button-link elementor-button elementor-size-sm\" role=\"button\">\n\t\t\t\t\t\t<span class=\"elementor-button-content-wrapper\">\n\t\t\t\t\t\t<span class=\"elementor-button-text\">Trabalhe Conosco<\/span>\n\t\t<\/span>\n\t\t\t\t\t<\/a>\n\t\t<\/div>\n\t\t\t\t<\/div>\n\t\t\t\t<\/div>\n\t\t\t\t\t<\/div>\n\t\t<\/div>\n\t\t\t\t<div class=\"elementor-column elementor-col-50 elementor-top-column elementor-element elementor-element-cea4a7c\" data-id=\"cea4a7c\" data-element_type=\"column\">\n\t\t\t<div class=\"elementor-widget-wrap elementor-element-populated\">\n\t\t\t\t\t\t\t\t<div class=\"elementor-element elementor-element-1093654 elementor-align-center elementor-widget elementor-widget-button\" data-id=\"1093654\" data-element_type=\"widget\" data-widget_type=\"button.default\">\n\t\t\t\t<div class=\"elementor-widget-container\">\n\t\t\t\t\t<div class=\"elementor-button-wrapper\">\n\t\t\t<a href=\"https:\/\/gustavoadolfo.zeev.it\/2.0\/anonymous?c=YnJ0WiA2umbm3bMJM2NQXsfz9drWOd21ptfQ%2BEAalUnwrOVqy%2FuKgXMMYgZUDNKvUpGj4C9KC6ZByBImEkbSCvvmWCmaLas9I22yeG0oFUM%3D\" class=\"elementor-button-link elementor-button elementor-size-sm\" role=\"button\">\n\t\t\t\t\t\t<span class=\"elementor-button-content-wrapper\">\n\t\t\t\t\t\t<span class=\"elementor-button-text\">Consulta de Vagas<\/span>\n\t\t<\/span>\n\t\t\t\t\t<\/a>\n\t\t<\/div>\n\t\t\t\t<\/div>\n\t\t\t\t<\/div>\n\t\t\t\t\t<\/div>\n\t\t<\/div>\n\t\t\t\t\t\t\t<\/div>\n\t\t<\/section>\n\t\t\t\t\t\t<\/div>\n\t\t\t\t\t<\/div>\n\t\t","protected":false},"excerpt":{"rendered":"<p>Centro de Educa\u00e7\u00e3o B\u00e1sica Gustavo AdolfoUnidade de Ensino M\u00e9dio Gustavo Adolfo &#8211; Campus UnivatesInstitui\u00e7\u00e3o Sinodal de Assist\u00eancia Educa\u00e7\u00e3o e CulturaCNPJ: 96.746.441\/0045-27Av. Avelino Talini, 171Bairro Universit\u00e1rioLajeado-RSCEP 95914-014Telefone\/Whatsapp: 51-3714-3214 E-mail: secretariaem@gustavoadolfo.com.br\u00a0 Trabalhe Conosco Consulta de Vagas<\/p>\n","protected":false},"author":1,"featured_media":0,"parent":0,"menu_order":0,"comment_status":"closed","ping_status":"closed","template":"templates\/page-fullwidth_template.php","meta":[],"_links":{"self":[{"href":"https:\/\/gustavoadolfo.com.br\/univates\/wp-json\/wp\/v2\/pages\/5031"}],"collection":[{"href":"https:\/\/gustavoadolfo.com.br\/univates\/wp-json\/wp\/v2\/pages"}],"about":[{"href":"https:\/\/gustavoadolfo.com.br\/univates\/wp-json\/wp\/v2\/types\/page"}],"author":[{"embeddable":true,"href":"https:\/\/gustavoadolfo.com.br\/univates\/wp-json\/wp\/v2\/users\/1"}],"replies":[{"embeddable":true,"href":"https:\/\/gustavoadolfo.com.br\/univates\/wp-json\/wp\/v2\/comments?post=5031"}],"version-history":[{"count":36,"href":"https:\/\/gustavoadolfo.com.br\/univates\/wp-json\/wp\/v2\/pages\/5031\/revisions"}],"predecessor-version":[{"id":5874,"href":"https:\/\/gustavoadolfo.com.br\/univates\/wp-json\/wp\/v2\/pages\/5031\/revisions\/5874"}],"wp:attachment":[{"href":"https:\/\/gustavoadolfo.com.br\/univates\/wp-json\/wp\/v2\/media?parent=5031"}],"curies":[{"name":"wp","href":"https:\/\/api.w.org\/{rel}","templated":true}]}}