{"id":4891,"date":"2021-09-10T11:24:37","date_gmt":"2021-09-10T14:24:37","guid":{"rendered":"https:\/\/csgustavoadolfo.com.br\/univates\/?page_id=4891"},"modified":"2024-05-20T13:59:59","modified_gmt":"2024-05-20T16:59:59","slug":"servicos-academicos","status":"publish","type":"page","link":"https:\/\/gustavoadolfo.com.br\/univates\/servicos-academicos\/","title":{"rendered":"Servi\u00e7os Online"},"content":{"rendered":"\t\t<div data-elementor-type=\"wp-page\" data-elementor-id=\"4891\" class=\"elementor elementor-4891\" data-elementor-settings=\"[]\">\n\t\t\t\t\t\t\t<div class=\"elementor-section-wrap\">\n\t\t\t\t\t\t\t<section class=\"elementor-section elementor-top-section elementor-element elementor-element-a3f8207 elementor-section-boxed elementor-section-height-default elementor-section-height-default\" data-id=\"a3f8207\" data-element_type=\"section\">\n\t\t\t\t\t\t<div class=\"elementor-container elementor-column-gap-default\">\n\t\t\t\t\t<div class=\"elementor-column elementor-col-100 elementor-top-column elementor-element elementor-element-f6b1269\" data-id=\"f6b1269\" data-element_type=\"column\">\n\t\t\t<div class=\"elementor-widget-wrap elementor-element-populated\">\n\t\t\t\t\t\t\t\t<div class=\"elementor-element elementor-element-8bd18db elementor-invisible elementor-widget elementor-widget-heading\" data-id=\"8bd18db\" data-element_type=\"widget\" data-settings=\"{&quot;_animation&quot;:&quot;fadeIn&quot;}\" data-widget_type=\"heading.default\">\n\t\t\t\t<div class=\"elementor-widget-container\">\n\t\t\t<h2 class=\"elementor-heading-title elementor-size-default\"><div id=\"accordions-4890\" class=\"accordions-4890 accordions\">\r\n                <div id=\"accordions-lazy-4890\" class=\"accordions-lazy\">\r\n                    <\/div>\r\n        <script>\r\n            jQuery(window).load(function(){\r\n                jQuery('#accordions-lazy-4890').fadeOut();\r\n                jQuery('#accordions-4890 .items').fadeIn();\r\n            });\r\n        <\/script><style type='text\/css'>\r\n        @media only screen and (min-width: 1024px ){\r\n            #accordions-4890 {\r\n                            width: 100%;\r\n                        }\r\n        }\r\n        @media only screen and ( min-width: 768px ) and ( max-width: 1023px ) {\r\n            #accordions-4890 {\r\n                            width: 100%;\r\n                        }\r\n        }\r\n        @media only screen and ( min-width: 0px ) and ( max-width: 767px ){\r\n            #accordions-4890 {\r\n                            width: 100%;\r\n                        }\r\n        }\r\n                    #accordions-4890 .items {display: none;}\r\n            #accordions-4890 .accordions-lazy {\r\n                text-align: center;\r\n                position: absolute;\r\n                top: 50%;\r\n                left: 50%;\r\n                transform: translate(-50%, -50%);\r\n            }\r\n            #accordions-4890 {\r\n                            text-align: left;\r\n                                        background:#ffffff url() repeat scroll 0 0;\r\n                                    position: relative;\r\n        }\r\n        #accordions-4890 .accordions-head{\r\n                    background:#29166f none repeat scroll 0 0;\r\n                                    outline: none;\r\n        }\r\n        #accordions-4890 .accordions-head-title{\r\n                            color:#ffffff;\r\n                            font-size:16px;\r\n                }\r\n        #accordions-4890 .accordions-head-title-toggle{\r\n                    color:#ffffff;\r\n                            font-size:16px;\r\n                }\r\n        #accordions-4890 .accordions-head:hover .accordions-head-title{\r\n                    color:#ffffff;\r\n                }\r\n        #accordions-4890 .ui-state-active{\r\n                    background: #0093dd;\r\n                    border: none;\r\n        }\r\n        #accordions-4890 .accordion-content{\r\n                            background:#ffffff none repeat scroll 0 0;\r\n                            color:#333333;\r\n                                            border: none;\r\n        }\r\n        #accordions-4890 .accordion-icons{\r\n                        color:#e5c13b;\r\n                                                                    }\r\n        #accordions-4890 .accordions-head:hover .accordion-icons span{\r\n                    }\r\n            <\/style>\r\n    <div class=\"items\">\r\n                        <div post_id=\"4890\" itemcount=\"0\" header_id=\"header-1631283503721\" id=\"header-1631283503721\" style=\"\" class=\"accordions-head head1631283503721 border-none\" toggle-text=\"\" main-text=\"Estudantes\">\r\n                                            <span id=\"accordion-icons-1631283503721\" class=\"accordion-icons\">\r\n                            <span class=\"accordion-icon-active accordion-plus\"><i class=\"fa fa-chevron-up\"><\/i><\/span>\r\n                            <span class=\"accordion-icon-inactive accordion-minus\"><i class=\"fa fa-chevron-down\"><\/i><\/span>\r\n                        <\/span>\r\n                        <span id=\"header-text-1631283503721\" class=\"accordions-head-title\">Estudantes<\/span>\r\n                                        <\/div>\r\n                <div class=\"accordion-content content1631283503721 \">\r\n                    <ul>\n<li>\n<h3><a href=\"https:\/\/erp.isaec.com.br\/edu\">Acesso ao Portal Educacional<\/a><\/h3>\n<\/li>\n<li>\n<h3><a href=\"https:\/\/mail.google.com\/a\/gustavoadolfo.com.br\">Acessar o webmail<\/a><\/h3>\n<\/li>\n<li>\n<h3><a href=\"\/arquivos\/calendarios\/CALENDARIO_2026_GA.pdf\">Calend\u00e1rio Letivo 2026<\/a><\/h3>\n<\/li>\n<li>\n<h3><a href=\"https:\/\/drive.google.com\/file\/d\/1BHQVQFWK4JqbNxU4iDROCcpFAx6P3UqV\/view?usp=sharing\">Como acessar o app MeuEduconnect<\/a><\/h3>\n<\/li>\n<li>\n<h3><a href=\"https:\/\/drive.google.com\/file\/d\/1azUKeQKAPmGRqwcQ1QiLtrMM6-Il6SnJ\/view?usp=sharing\">Hor\u00e1rios das Turmas<\/a><\/h3>\n<\/li>\n<li>\n<h3><a href=\"https:\/\/docs.google.com\/document\/d\/1XZYlUjXIOt3Qt6YHny94UEc120kmA7sZFm_sbD_8hr0\/edit?tab=t.0\">Oficinas Extracurriculares<\/a><\/h3>\n<\/li>\n<li>\n<h3><a href=\"#\">Hor\u00e1rios dos Refor\u00e7os<\/a><\/h3>\n<\/li>\n<li>\n<h3><a href=\"https:\/\/www.gustavoadolfo.com.br\/univates\/lista-de-material-escolar-2026\/\">Lista de Material Escolar 2026<\/a><\/h3>\n<\/li>\n<li>\n<h3><a href=\"https:\/\/gustavoadolfo.com.br\/arquivos\/horarios\/2023\/eletiva.pdf\">Carga Hor\u00e1ria Eletiva<\/a><\/h3>\n<\/li>\n<li>\n<h3><a href=\"https:\/\/drive.google.com\/file\/d\/1H6Eqd8655v5PByBtq5W1mBpl_ZrN_Ixj\/view?usp=sharing\">Normas de Recupera\u00e7\u00e3o de Avalia\u00e7\u00f5es<\/a><\/h3>\n<\/li>\n<li>\n<h3><a href=\"https:\/\/www.gustavoadolfo.com.br\/arquivos\/fl40\/Regulamento_Curso_Graduacao_Ensino_Medio_Gustavo_Adolfo.pdf\">Regulamento da Carga Hor\u00e1ria Disciplina da Gradua\u00e7\u00e3o<\/a><\/h3>\n<\/li>\n<li>\n<h3><a href=\"http:\/\/www.gustavoadolfo.com.br\/index.php\/2013-11-25-12-12-38\/2016-03-11-16-37-27\/solicitacao-de-impressao\">Solicita\u00e7\u00e3o de impress\u00e3o<\/a><\/h3>\n<\/li>\n<\/ul>\n                <\/div>\r\n                                <div post_id=\"4890\" itemcount=\"1\" header_id=\"header-1631283510921\" id=\"header-1631283510921\" style=\"\" class=\"accordions-head head1631283510921 border-none\" toggle-text=\"\" main-text=\"Pais\/Respons\u00e1veis\">\r\n                                            <span id=\"accordion-icons-1631283510921\" class=\"accordion-icons\">\r\n                            <span class=\"accordion-icon-active accordion-plus\"><i class=\"fa fa-chevron-up\"><\/i><\/span>\r\n                            <span class=\"accordion-icon-inactive accordion-minus\"><i class=\"fa fa-chevron-down\"><\/i><\/span>\r\n                        <\/span>\r\n                        <span id=\"header-text-1631283510921\" class=\"accordions-head-title\">Pais\/Respons\u00e1veis<\/span>\r\n                                        <\/div>\r\n                <div class=\"accordion-content content1631283510921 \">\r\n                    <ul>\n<li style=\"list-style-type: none\">\n<ul>\n<li>\n<h3><a href=\"https:\/\/erp.isaec.com.br\/edu\">Acesso ao Portal Educacional<\/a><\/h3>\n<\/li>\n<li>\n<h3><a href=\"\/arquivos\/calendarios\/CALENDARIO_2026_GA.pdf\">Calend\u00e1rio Letivo 2026<\/a><\/h3>\n<\/li>\n<li>\n<h3><a href=\"https:\/\/drive.google.com\/file\/d\/1BHQVQFWK4JqbNxU4iDROCcpFAx6P3UqV\/view?usp=sharing\">Como acessar o app MeuEduconnect<\/a><\/h3>\n<\/li>\n<li>\n<h3><a href=\"https:\/\/drive.google.com\/file\/d\/1azUKeQKAPmGRqwcQ1QiLtrMM6-Il6SnJ\/view?usp=sharing\">Hor\u00e1rios das Turmas<\/a><\/h3>\n<\/li>\n<li>\n<h3><a href=\"#\">Hor\u00e1rios dos Refor\u00e7os<\/a><\/h3>\n<\/li>\n<li>\n<h3><a href=\"https:\/\/www.gustavoadolfo.com.br\/univates\/lista-de-material-escolar-2026\/\">Lista de Material Escolar 2026<\/a><\/h3>\n<\/li>\n<li>\n<h3><a href=\"https:\/\/www.gustavoadolfo.com.br\/requerimento\">Requerimento Online<\/a><\/h3>\n<\/li>\n<li>\n<h3><a href=\"https:\/\/docs.google.com\/document\/d\/1XZYlUjXIOt3Qt6YHny94UEc120kmA7sZFm_sbD_8hr0\/edit?tab=t.0\">Oficinas Extracurriculares<\/a><\/h3>\n<\/li>\n<li>\n<h3><a href=\"https:\/\/gustavoadolfo.com.br\/univates\/formularios-para-alteracao-do-responsavel-financeiro\/\">Solicita\u00e7\u00e3o de altera\u00e7\u00e3o de respons\u00e1vel financeiro<\/a><\/h3>\n<\/li>\n<li>\n<h3><a href=\"https:\/\/gustavoadolfo.com.br\/univates\/uniforme\/\">Uniforme<\/a><\/h3>\n<\/li>\n<li>\n<h3><a href=\"https:\/\/gustavoadolfo.com.br\/univates\/valores-de-anuidade\/\">Valores de Anuidade<\/a><\/h3>\n<\/li>\n<\/ul>\n<\/li>\n<\/ul>\n<p><!--more--><\/p>\n                <\/div>\r\n                                <div post_id=\"4890\" itemcount=\"2\" header_id=\"header-1655815950972\" id=\"header-1655815950972\" style=\"\" class=\"accordions-head head1655815950972 border-none\" toggle-text=\"\" main-text=\"Funcion\u00e1rios\">\r\n                                            <span id=\"accordion-icons-1655815950972\" class=\"accordion-icons\">\r\n                            <span class=\"accordion-icon-active accordion-plus\"><i class=\"fa fa-chevron-up\"><\/i><\/span>\r\n                            <span class=\"accordion-icon-inactive accordion-minus\"><i class=\"fa fa-chevron-down\"><\/i><\/span>\r\n                        <\/span>\r\n                        <span id=\"header-text-1655815950972\" class=\"accordions-head-title\">Funcion\u00e1rios<\/span>\r\n                                        <\/div>\r\n                <div class=\"accordion-content content1655815950972 \">\r\n                    <ul>\n<li>\n<ul>\n<li>\n<h3><a href=\"https:\/\/erp.isaec.com.br\/\">Acessar o di\u00e1rio de classe<\/a><\/h3>\n<\/li>\n<li>\n<h3><a href=\"https:\/\/www.gustavoadolfo.com.br\/professor\/portal\">Acessar o di\u00e1rio de classe pelo novo portal do professor<\/a><\/h3>\n<\/li>\n<li>\n<h3><a href=\"https:\/\/mail.google.com\/a\/gustavoadolfo.com.br\">Acessar o webmail<\/a><\/h3>\n<\/li>\n<li>\n<h3><a href=\"https:\/\/gustavoadolfo.zeev.it\/\" target=\"_blank\" rel=\"noopener\">Acessar o workflow<\/a><\/h3>\n<\/li>\n<li>\n<h3><a href=\"https:\/\/www.gustavoadolfo.com.br\/meurh\">Acessar minha folha de pagamento<\/a><\/h3>\n<\/li>\n<li>\n<h3><a href=\"https:\/\/docs.google.com\/forms\/d\/1DO9MGCwDzSfTFcmu0ufHa3UxMQ1l1sn_ZozDkOneGcw\/viewform\">Reservas de ambiente da Unidade de Ensino M\u00e9dio<\/a><\/h3>\n<\/li>\n<li>\n<h3><a href=\"http:\/\/intranet.gustavoadolfo.com.br\/index.php\/impressao\">Solicitar impress\u00e3o<\/a><\/h3>\n<\/li>\n<\/ul>\n<\/li>\n<\/ul>\n                <\/div>\r\n                    <\/div>\r\n    <script>\r\n        jQuery(document).ready(function($){accordions_active_index_4890 = [];        })\r\n    <\/script>    <script>\r\n        jQuery(document).ready(function($){\r\n            accordion_4890  = $(\"#accordions-4890 .items\").accordion({\r\n                event: \"click\",\r\n                collapsible:true,\r\n                heightStyle: \"content\",\r\n                animate: (\"swing\", 1000),\r\n                navigation: true,\r\n                active: 999,\r\n                            });\r\n        })\r\n    <\/script>\r\n                <\/div><\/h2>\t\t<\/div>\n\t\t\t\t<\/div>\n\t\t\t\t\t<\/div>\n\t\t<\/div>\n\t\t\t\t\t\t\t<\/div>\n\t\t<\/section>\n\t\t\t\t\t\t<\/div>\n\t\t\t\t\t<\/div>\n\t\t","protected":false},"excerpt":{"rendered":"","protected":false},"author":1,"featured_media":0,"parent":0,"menu_order":0,"comment_status":"closed","ping_status":"closed","template":"templates\/page-fullwidth_template.php","meta":[],"_links":{"self":[{"href":"https:\/\/gustavoadolfo.com.br\/univates\/wp-json\/wp\/v2\/pages\/4891"}],"collection":[{"href":"https:\/\/gustavoadolfo.com.br\/univates\/wp-json\/wp\/v2\/pages"}],"about":[{"href":"https:\/\/gustavoadolfo.com.br\/univates\/wp-json\/wp\/v2\/types\/page"}],"author":[{"embeddable":true,"href":"https:\/\/gustavoadolfo.com.br\/univates\/wp-json\/wp\/v2\/users\/1"}],"replies":[{"embeddable":true,"href":"https:\/\/gustavoadolfo.com.br\/univates\/wp-json\/wp\/v2\/comments?post=4891"}],"version-history":[{"count":8,"href":"https:\/\/gustavoadolfo.com.br\/univates\/wp-json\/wp\/v2\/pages\/4891\/revisions"}],"predecessor-version":[{"id":5169,"href":"https:\/\/gustavoadolfo.com.br\/univates\/wp-json\/wp\/v2\/pages\/4891\/revisions\/5169"}],"wp:attachment":[{"href":"https:\/\/gustavoadolfo.com.br\/univates\/wp-json\/wp\/v2\/media?parent=4891"}],"curies":[{"name":"wp","href":"https:\/\/api.w.org\/{rel}","templated":true}]}}