{"id":79,"date":"2018-04-06T08:11:52","date_gmt":"2018-04-06T11:11:52","guid":{"rendered":"http:\/\/gustavoadolfo.com.br\/nportal\/?page_id=79"},"modified":"2025-01-30T13:49:53","modified_gmt":"2025-01-30T16:49:53","slug":"servicos-online","status":"publish","type":"page","link":"https:\/\/gustavoadolfo.com.br\/saocristovao\/servicos-online\/","title":{"rendered":"Servi\u00e7os Online"},"content":{"rendered":"<div id=\"accordions-145\" class=\"accordions-145 accordions\">\r\n                <div id=\"accordions-lazy-145\" class=\"accordions-lazy\">\r\n                    <\/div>\r\n        <script>\r\n            (function($) {\r\n                $(window).on(\"load\",function(){\r\n                    $('#accordions-lazy-145').fadeOut();\r\n                    $('#accordions-145 .items').fadeIn();\r\n                })\r\n        })(jQuery);\r\n        <\/script><style type='text\/css'>\r\n        @media only screen and (min-width: 1024px) {\r\n            #accordions-145 {\r\n                width: 100%;\r\n                            }\r\n        }\r\n        @media only screen and (min-width: 768px) and (max-width: 1023px) {\r\n            #accordions-145 {\r\n                width: 100%;\r\n                            }\r\n        }\r\n        @media only screen and (min-width: 0px) and (max-width: 767px) {\r\n            #accordions-145 {\r\n                width: 100%;\r\n                            }\r\n        }\r\n        #accordions-145 .items {\r\n            display: none;\r\n        }\r\n\r\n        #accordions-145 .accordions-lazy {\r\n            text-align: center;\r\n            position: absolute;\r\n            top: 50%;\r\n            left: 50%;\r\n            transform: translate(-50%, -50%);\r\n        }\r\n\r\n        #accordions-145 {\r\n            text-align: left;\r\n            background: #ffffff url() repeat scroll 0 0;\r\n            position: relative;\r\n        }\r\n\r\n        #accordions-145 .accordions-head {\r\n            background: #29166f none repeat scroll 0 0;\r\n            \r\n                        outline: none;\r\n        }\r\n\r\n        #accordions-145 .accordions-head-title {\r\n            color: #ffffff;\r\n            font-size: 14px;\r\n                    }\r\n\r\n        #accordions-145 .accordions-head-title-toggle {\r\n            color: #ffffff;\r\n            font-size: 14px;\r\n                    }\r\n\r\n        #accordions-145 .accordions-head:hover .accordions-head-title {\r\n            color: #ffffff;\r\n                    }\r\n\r\n        #accordions-145 .ui-state-active {\r\n            background: #0093dd;\r\n            border: none;\r\n        }\r\n\r\n        #accordions-145 .accordion-content {\r\n            background: #ffffff none repeat scroll 0 0;\r\n            color: #333333;\r\n            font-size: 13px;\r\n            border: none;\r\n        }\r\n\r\n        #accordions-145 .accordion-icons {\r\n            color: #e5c13b;\r\n                    }\r\n\r\n        #accordions-145 .accordions-head:hover .accordion-icons span {\r\n                    }\r\n\r\n        #accordions-145{}\r\n#accordions-145 .accordions-head{}\r\n#accordions-145 .accordion-content{}    <\/style>\r\n<div class=\"items\">\r\n                        <div post_id=\"145\" itemcount=\"0\" header_id=\"header-0\" id=\"header-0\" style=\"\" class=\"accordions-head head0 border-none\" toggle-text=\"\" main-text=\"Estudantes\">\r\n                                            <span id=\"accordion-icons-0\" class=\"accordion-icons\">\r\n                            <span class=\"accordion-icon-active accordion-plus\"><i class=\"fa fa-chevron-up\"><\/i><\/span>\r\n                            <span class=\"accordion-icon-inactive accordion-minus\"><i class=\"fa fa-chevron-down\"><\/i><\/span>\r\n                        <\/span>\r\n                        <span id=\"header-text-0\" class=\"accordions-head-title\">Estudantes<\/span>\r\n                                    <\/div>\r\n                <div class=\"accordion-content content0 \">\r\n                    <ul>\n<li>\n<h3><a href=\"https:\/\/erp.isaec.com.br\/edu\">Acesso ao Portal Educacional<\/a><\/h3>\n<\/li>\n<li>\n<h3><a href=\"https:\/\/mail.google.com\/a\/gustavoadolfo.com.br\">Acessar o webmail<\/a><\/h3>\n<\/li>\n<li>\n<h3><a href=\"\/arquivos\/calendarios\/CALENDARIO_2026_GA.pdf\">Calend\u00e1rio Letivo 2026<\/a><\/h3>\n<\/li>\n<li>\n<h3><a href=\"http:\/\/www.gustavoadolfo.com.br\/arquivos\/cardapios\/\">Card\u00e1pio Semanal<\/a><\/h3>\n<\/li>\n<li>\n<h3><a href=\"https:\/\/drive.google.com\/file\/d\/1BHQVQFWK4JqbNxU4iDROCcpFAx6P3UqV\/view?usp=sharing\">Como acessar o app MeuEduconnect<\/a><\/h3>\n<\/li>\n<li>\n<h3><a href=\"https:\/\/drive.google.com\/drive\/folders\/1mZjY6EzGDwjtGSphLK4wkKA4baELxc4b?usp=sharing\">Hor\u00e1rios das Turmas<\/a><\/h3>\n<\/li>\n<li>\n<h3><a href=\"https:\/\/docs.google.com\/document\/d\/1XZYlUjXIOt3Qt6YHny94UEc120kmA7sZFm_sbD_8hr0\/edit?tab=t.0\">Oficinas Extracurriculares<\/a><\/h3>\n<\/li>\n<li>\n<h3><a href=\"#\">Hor\u00e1rios dos Refor\u00e7os<\/a><\/h3>\n<\/li>\n<li>\n<h3><a href=\"https:\/\/www.gustavoadolfo.com.br\/saocristovao\/lista-material-escolar-2026\/\">Lista de Material Escolar 2026<\/a><\/h3>\n<\/li>\n<li>\n<h3><a href=\"https:\/\/drive.google.com\/file\/d\/1H6Eqd8655v5PByBtq5W1mBpl_ZrN_Ixj\/view?usp=sharing\">Normas de Recupera\u00e7\u00e3o de Avalia\u00e7\u00f5es<\/a><\/h3>\n<\/li>\n<li>\n<h3><a href=\"https:\/\/www.gustavoadolfo.com.br\/arquivos\/cardapios\/Cantina\/Precos_Cantina_2025.pdf\">Pre\u00e7os da Cantina<\/a><\/h3>\n<\/li>\n<li>\n<h3><a href=\"https:\/\/forms.gle\/PMrty46panMfeoJk6\">Solicita\u00e7\u00e3o de impress\u00e3o<\/a><\/h3>\n<\/li>\n<li>\n<h3><a href=\"http:\/\/www.gustavoadolfo.com.br\/arquivos\/cardapios\/Cantina\/Sugestao_de_cardapio_csga.pdf\">Sugest\u00e3o de Card\u00e1pio para os Lanches<\/a><\/h3>\n<\/li>\n<\/ul>\n                <\/div>\r\n                        <div post_id=\"145\" itemcount=\"1\" header_id=\"header-1523300652319\" id=\"header-1523300652319\" style=\"\" class=\"accordions-head head1523300652319 border-none\" toggle-text=\"\" main-text=\"Pais\/Respons\u00e1veis\">\r\n                                            <span id=\"accordion-icons-1523300652319\" class=\"accordion-icons\">\r\n                            <span class=\"accordion-icon-active accordion-plus\"><i class=\"fa fa-chevron-up\"><\/i><\/span>\r\n                            <span class=\"accordion-icon-inactive accordion-minus\"><i class=\"fa fa-chevron-down\"><\/i><\/span>\r\n                        <\/span>\r\n                        <span id=\"header-text-1523300652319\" class=\"accordions-head-title\">Pais\/Respons\u00e1veis<\/span>\r\n                                    <\/div>\r\n                <div class=\"accordion-content content1523300652319 \">\r\n                    <ul>\n<li>\n<h3><a href=\"https:\/\/erp.isaec.com.br\/edu\">Acesso ao Portal Educacional<\/a><\/h3>\n<\/li>\n<li>\n<h3><a href=\"\/arquivos\/calendarios\/CALENDARIO_2026_GA.pdf\">Calend\u00e1rio Letivo 2026<\/a><\/h3>\n<\/li>\n<li>\n<h3><a href=\"http:\/\/www.gustavoadolfo.com.br\/arquivos\/cardapios\/\">Card\u00e1pio Semanal<\/a><\/h3>\n<\/li>\n<li>\n<h3><a href=\"https:\/\/drive.google.com\/file\/d\/1BHQVQFWK4JqbNxU4iDROCcpFAx6P3UqV\/view?usp=sharing\">Como acessar o app MeuEduconnect<\/a><\/h3>\n<\/li>\n<li>\n<h3><a href=\"https:\/\/drive.google.com\/drive\/folders\/1mZjY6EzGDwjtGSphLK4wkKA4baELxc4b?usp=sharing\">Hor\u00e1rios das Turmas<\/a><\/h3>\n<\/li>\n<li>\n<h3><a href=\"#\">Hor\u00e1rios dos Refor\u00e7os<\/a><\/h3>\n<\/li>\n<li>\n<h3><a href=\"https:\/\/www.gustavoadolfo.com.br\/saocristovao\/lista-material-escolar-2026\/\">Lista de Material Escolar 2026<\/a><\/h3>\n<\/li>\n<li>\n<h3><a href=\"https:\/\/www.gustavoadolfo.com.br\/arquivos\/cardapios\/Cantina\/Precos_Cantina_2025.pdf\">Pre\u00e7os da Cantina<\/a><\/h3>\n<\/li>\n<li>\n<h3><a href=\"https:\/\/www.gustavoadolfo.com.br\/requerimento\">Requerimento Online<\/a><\/h3>\n<\/li>\n<li>\n<h3><a href=\"https:\/\/docs.google.com\/document\/d\/1XZYlUjXIOt3Qt6YHny94UEc120kmA7sZFm_sbD_8hr0\/edit?tab=t.0\">Oficinas Extracurriculares<\/a><\/h3>\n<\/li>\n<li>\n<h3><a href=\"https:\/\/gustavoadolfo.com.br\/saocristovao\/?page_id=5110\">Solicita\u00e7\u00e3o de altera\u00e7\u00e3o de respons\u00e1vel financeiro<\/a><\/h3>\n<\/li>\n<li>\n<h3><a href=\"http:\/\/www.gustavoadolfo.com.br\/arquivos\/cardapios\/Cantina\/Sugestao_de_cardapio_csga.pdf\">Sugest\u00e3o de Card\u00e1pio para os Lanches<\/a><\/h3>\n<\/li>\n<li>\n<h3><a href=\"https:\/\/gustavoadolfo.com.br\/saocristovao\/?page_id=485\">Uniforme<\/a><\/h3>\n<\/li>\n<\/ul>\n                <\/div>\r\n                        <div post_id=\"145\" itemcount=\"2\" header_id=\"header-1628799736259\" id=\"header-1628799736259\" style=\"\" class=\"accordions-head head1628799736259 border-none\" toggle-text=\"\" main-text=\"Funcion\u00e1rios\">\r\n                                            <span id=\"accordion-icons-1628799736259\" class=\"accordion-icons\">\r\n                            <span class=\"accordion-icon-active accordion-plus\"><i class=\"fa fa-chevron-up\"><\/i><\/span>\r\n                            <span class=\"accordion-icon-inactive accordion-minus\"><i class=\"fa fa-chevron-down\"><\/i><\/span>\r\n                        <\/span>\r\n                        <span id=\"header-text-1628799736259\" class=\"accordions-head-title\">Funcion\u00e1rios<\/span>\r\n                                    <\/div>\r\n                <div class=\"accordion-content content1628799736259 \">\r\n                    <ul>\n<li>\n<h3><a href=\"https:\/\/erp.isaec.com.br\/\">Acessar o di\u00e1rio de classe<\/a><\/h3>\n<\/li>\n<li>\n<h3><a href=\"https:\/\/www.gustavoadolfo.com.br\/professor\/portal\">Acessar o di\u00e1rio de classe pelo novo portal do professor<\/a><\/h3>\n<\/li>\n<li>\n<h3><a href=\"https:\/\/mail.google.com\/a\/gustavoadolfo.com.br\">Acessar o webmail<\/a><\/h3>\n<\/li>\n<li>\n<h3><a href=\"https:\/\/gustavoadolfo.zeev.it\/\" target=\"_blank\" rel=\"noopener\">Acessar o workflow<\/a><\/h3>\n<\/li>\n<li>\n<h3><a href=\"https:\/\/www.gustavoadolfo.com.br\/meurh\">Acessar minha folha de pagamento<\/a><\/h3>\n<\/li>\n<li>\n<h3><a href=\"https:\/\/www.gustavoadolfo.com.br\/reservas\">Reservar ambientes da unidade<\/a><\/h3>\n<\/li>\n<li>\n<h3><a href=\"https:\/\/forms.gle\/PMrty46panMfeoJk6\">Solicitar impress\u00e3o<\/a><\/h3>\n<\/li>\n<\/ul>\n                <\/div>\r\n            <\/div>\r\n    <script>\r\n   (function($) {\r\n\r\n $( document ).ready( function() {\r\n            accordions_active_index_145 = [];\r\n                })})(jQuery);\r\n    <\/script>    <script>\r\n        (function($) {\r\n $( document ).ready( function() {\r\n            accordion_145 = $(\"#accordions-145 .items\").accordion({\r\n                event: \"click\",\r\n                collapsible: true,\r\n                heightStyle: \"content\",\r\n                animate: (\"swing\", 1000),\r\n                navigation: true,\r\n                active: 999,\r\n                            });\r\n        })})(jQuery);\r\n    <\/script>\r\n                <\/div>\n","protected":false},"excerpt":{"rendered":"","protected":false},"author":1,"featured_media":0,"parent":0,"menu_order":0,"comment_status":"closed","ping_status":"closed","template":"","meta":[],"_links":{"self":[{"href":"https:\/\/gustavoadolfo.com.br\/saocristovao\/wp-json\/wp\/v2\/pages\/79"}],"collection":[{"href":"https:\/\/gustavoadolfo.com.br\/saocristovao\/wp-json\/wp\/v2\/pages"}],"about":[{"href":"https:\/\/gustavoadolfo.com.br\/saocristovao\/wp-json\/wp\/v2\/types\/page"}],"author":[{"embeddable":true,"href":"https:\/\/gustavoadolfo.com.br\/saocristovao\/wp-json\/wp\/v2\/users\/1"}],"replies":[{"embeddable":true,"href":"https:\/\/gustavoadolfo.com.br\/saocristovao\/wp-json\/wp\/v2\/comments?post=79"}],"version-history":[{"count":17,"href":"https:\/\/gustavoadolfo.com.br\/saocristovao\/wp-json\/wp\/v2\/pages\/79\/revisions"}],"predecessor-version":[{"id":157,"href":"https:\/\/gustavoadolfo.com.br\/saocristovao\/wp-json\/wp\/v2\/pages\/79\/revisions\/157"}],"wp:attachment":[{"href":"https:\/\/gustavoadolfo.com.br\/saocristovao\/wp-json\/wp\/v2\/media?parent=79"}],"curies":[{"name":"wp","href":"https:\/\/api.w.org\/{rel}","templated":true}]}}