{"id":6280,"date":"2025-07-31T10:48:45","date_gmt":"2025-07-31T13:48:45","guid":{"rendered":"https:\/\/gustavoadolfo.com.br\/saocristovao\/?page_id=6280"},"modified":"2025-07-31T10:48:46","modified_gmt":"2025-07-31T13:48:46","slug":"cipaa","status":"publish","type":"page","link":"https:\/\/gustavoadolfo.com.br\/saocristovao\/cipaa\/","title":{"rendered":"CIPAA"},"content":{"rendered":"\n<p>A Comiss\u00e3o Interna de Preven\u00e7\u00e3o de Acidentes e Ass\u00e9dio (CIPAA) \u00e9 formada por representantes do empregador e dos empregados que se destina a tratar de assuntos inerentes \u00e0 seguran\u00e7a do trabalho, de modo a tornar compat\u00edvel, permanentemente, o trabalho com a preserva\u00e7\u00e3o da vida e a promo\u00e7\u00e3o da sa\u00fade do trabalhador.<\/p>\n\n\n\n<p><\/p>\n\n\n\n<p>A CIPAA organiza a Semana Interna de Preven\u00e7\u00e3o de Acidentes de Trabalho (SIPAT). O objetivo da atividade \u00e9 conscientizar os funcion\u00e1rios sobre a import\u00e2ncia da preven\u00e7\u00e3o de acidentes e doen\u00e7as relacionadas ao trabalho, por meio de atividades educativas e informativas.&nbsp;<\/p>\n","protected":false},"excerpt":{"rendered":"<p>A Comiss\u00e3o Interna de Preven\u00e7\u00e3o de Acidentes e Ass\u00e9dio (CIPAA) \u00e9 formada por representantes do empregador e dos empregados que se destina a tratar de assuntos inerentes \u00e0 seguran\u00e7a do trabalho, de modo a tornar compat\u00edvel, permanentemente, o trabalho com a preserva\u00e7\u00e3o da vida e a promo\u00e7\u00e3o da sa\u00fade do trabalhador. A CIPAA organiza a<br \/><a class=\"moretag\" href=\"https:\/\/gustavoadolfo.com.br\/saocristovao\/cipaa\/\">+ Read More<\/a><\/p>\n","protected":false},"author":2,"featured_media":0,"parent":0,"menu_order":0,"comment_status":"closed","ping_status":"closed","template":"","meta":[],"_links":{"self":[{"href":"https:\/\/gustavoadolfo.com.br\/saocristovao\/wp-json\/wp\/v2\/pages\/6280"}],"collection":[{"href":"https:\/\/gustavoadolfo.com.br\/saocristovao\/wp-json\/wp\/v2\/pages"}],"about":[{"href":"https:\/\/gustavoadolfo.com.br\/saocristovao\/wp-json\/wp\/v2\/types\/page"}],"author":[{"embeddable":true,"href":"https:\/\/gustavoadolfo.com.br\/saocristovao\/wp-json\/wp\/v2\/users\/2"}],"replies":[{"embeddable":true,"href":"https:\/\/gustavoadolfo.com.br\/saocristovao\/wp-json\/wp\/v2\/comments?post=6280"}],"version-history":[{"count":1,"href":"https:\/\/gustavoadolfo.com.br\/saocristovao\/wp-json\/wp\/v2\/pages\/6280\/revisions"}],"predecessor-version":[{"id":6281,"href":"https:\/\/gustavoadolfo.com.br\/saocristovao\/wp-json\/wp\/v2\/pages\/6280\/revisions\/6281"}],"wp:attachment":[{"href":"https:\/\/gustavoadolfo.com.br\/saocristovao\/wp-json\/wp\/v2\/media?parent=6280"}],"curies":[{"name":"wp","href":"https:\/\/api.w.org\/{rel}","templated":true}]}}