{"id":6038,"date":"2024-12-13T14:49:13","date_gmt":"2024-12-13T17:49:13","guid":{"rendered":"https:\/\/gustavoadolfo.com.br\/saocristovao\/?page_id=6038"},"modified":"2026-03-13T14:23:20","modified_gmt":"2026-03-13T17:23:20","slug":"lista-material-escolar-2026","status":"publish","type":"page","link":"https:\/\/gustavoadolfo.com.br\/saocristovao\/lista-material-escolar-2026\/","title":{"rendered":"Lista de material escolar 2026"},"content":{"rendered":"\t\t<div data-elementor-type=\"wp-page\" data-elementor-id=\"6038\" class=\"elementor elementor-6038\" data-elementor-settings=\"[]\">\n\t\t\t\t\t\t\t<div class=\"elementor-section-wrap\">\n\t\t\t\t\t\t\t<section class=\"elementor-section elementor-top-section elementor-element elementor-element-bfcb3d0 elementor-section-boxed elementor-section-height-default elementor-section-height-default\" data-id=\"bfcb3d0\" data-element_type=\"section\">\n\t\t\t\t\t\t<div class=\"elementor-container elementor-column-gap-default\">\n\t\t\t\t\t<div class=\"elementor-column elementor-col-100 elementor-top-column elementor-element elementor-element-c39bd15\" data-id=\"c39bd15\" data-element_type=\"column\">\n\t\t\t<div class=\"elementor-widget-wrap elementor-element-populated\">\n\t\t\t\t\t\t\t\t<div class=\"elementor-element elementor-element-2583acb elementor-widget elementor-widget-text-editor\" data-id=\"2583acb\" data-element_type=\"widget\" data-widget_type=\"text-editor.default\">\n\t\t\t\t<div class=\"elementor-widget-container\">\n\t\t\t\t\t\t\t<h2 style=\"text-align: center;\"><span style=\"text-decoration: underline;\">Turno Inverso &#8211; <\/span><span style=\"text-decoration: underline;\">Em Breve<\/span><\/h2><h2 style=\"text-align: center;\"><span style=\"text-decoration: underline;\"><a href=\"https:\/\/www.gustavoadolfo.com.br\/arquivos\/lista_de_materiais\/2026\/NI.pdf\">N\u00edvel I<\/a><\/span><\/h2><h2 style=\"text-align: center;\"><span style=\"text-decoration: underline;\"><a href=\"https:\/\/www.gustavoadolfo.com.br\/arquivos\/lista_de_materiais\/2026\/NI_TI.pdf\">N\u00edvel I &#8211; Integral Manh\u00e3\/Tarde<\/a><\/span><\/h2><h2 style=\"text-align: center;\"><span style=\"text-decoration: underline;\"><a href=\"https:\/\/www.gustavoadolfo.com.br\/arquivos\/lista_de_materiais\/2026\/NII.pdf\">N\u00edvel II<\/a><\/span><\/h2><h2 style=\"text-align: center;\"><a href=\"https:\/\/www.gustavoadolfo.com.br\/arquivos\/lista_de_materiais\/2026\/NII_TI.pdf\"><span style=\"text-decoration: underline;\">N\u00edvel II &#8211; Integral Manh\u00e3\/Tarde<\/span><\/a><\/h2><h2 style=\"text-align: center;\"><a href=\"https:\/\/www.gustavoadolfo.com.br\/arquivos\/lista_de_materiais\/2026\/NIII.pdf\"><span style=\"text-decoration: underline;\">N\u00edvel III<\/span><\/a><\/h2><h2 style=\"text-align: center;\"><a href=\"https:\/\/www.gustavoadolfo.com.br\/arquivos\/lista_de_materiais\/2026\/NIV.pdf\"><span style=\"text-decoration: underline;\">N\u00edvel IV<\/span><\/a><\/h2><h2 style=\"text-align: center;\"><a href=\"https:\/\/www.gustavoadolfo.com.br\/arquivos\/lista_de_materiais\/2026\/NV.pdf\"><span style=\"text-decoration: underline;\">N\u00edvel V<\/span><\/a><\/h2><h2 style=\"text-align: center;\"><a href=\"https:\/\/www.gustavoadolfo.com.br\/arquivos\/lista_de_materiais\/2026\/1anoef.pdf\"><span style=\"text-decoration: underline;\">1\u00ba Ano EF<\/span><\/a><\/h2><h2 style=\"text-align: center;\"><a href=\"https:\/\/www.gustavoadolfo.com.br\/arquivos\/lista_de_materiais\/2026\/2anoef.pdf\"><span style=\"text-decoration: underline;\">2\u00ba Ano EF<\/span><\/a><\/h2><h2 style=\"text-align: center;\"><a href=\"https:\/\/www.gustavoadolfo.com.br\/arquivos\/lista_de_materiais\/2026\/3anoef.pdf\"><span style=\"text-decoration: underline;\">3\u00ba Ano EF<\/span><\/a><\/h2><h2 style=\"text-align: center;\"><a href=\"https:\/\/www.gustavoadolfo.com.br\/arquivos\/lista_de_materiais\/2026\/4anoef.pdf\"><span style=\"text-decoration: underline;\">4\u00ba Ano EF<\/span><\/a><\/h2><h2 style=\"text-align: center;\"><a href=\"https:\/\/www.gustavoadolfo.com.br\/arquivos\/lista_de_materiais\/2026\/5anoef.pdf\"><span style=\"text-decoration: underline;\">5\u00ba Ano EF<\/span><\/a><\/h2><h2 style=\"text-align: center;\"><a href=\"https:\/\/www.gustavoadolfo.com.br\/arquivos\/lista_de_materiais\/2026\/6anoef.pdf\"><span style=\"text-decoration: underline;\">6\u00ba Ano EF<\/span><\/a><\/h2><h2 style=\"text-align: center;\"><a href=\"https:\/\/www.gustavoadolfo.com.br\/arquivos\/lista_de_materiais\/2026\/7anoef.pdf\"><span style=\"text-decoration: underline;\">7\u00ba Ano EF<\/span><\/a><\/h2>\t\t\t\t\t\t<\/div>\n\t\t\t\t<\/div>\n\t\t\t\t\t<\/div>\n\t\t<\/div>\n\t\t\t\t\t\t\t<\/div>\n\t\t<\/section>\n\t\t\t\t\t\t<\/div>\n\t\t\t\t\t<\/div>\n\t\t","protected":false},"excerpt":{"rendered":"<p>Turno Inverso &#8211; Em Breve N\u00edvel I N\u00edvel I &#8211; Integral Manh\u00e3\/Tarde N\u00edvel II N\u00edvel II &#8211; Integral Manh\u00e3\/Tarde N\u00edvel III N\u00edvel IV N\u00edvel V 1\u00ba Ano EF 2\u00ba Ano EF 3\u00ba Ano EF 4\u00ba Ano EF 5\u00ba Ano EF 6\u00ba Ano EF 7\u00ba Ano EF<\/p>\n","protected":false},"author":1,"featured_media":0,"parent":0,"menu_order":0,"comment_status":"closed","ping_status":"closed","template":"templates\/page-fullwidth_template.php","meta":[],"_links":{"self":[{"href":"https:\/\/gustavoadolfo.com.br\/saocristovao\/wp-json\/wp\/v2\/pages\/6038"}],"collection":[{"href":"https:\/\/gustavoadolfo.com.br\/saocristovao\/wp-json\/wp\/v2\/pages"}],"about":[{"href":"https:\/\/gustavoadolfo.com.br\/saocristovao\/wp-json\/wp\/v2\/types\/page"}],"author":[{"embeddable":true,"href":"https:\/\/gustavoadolfo.com.br\/saocristovao\/wp-json\/wp\/v2\/users\/1"}],"replies":[{"embeddable":true,"href":"https:\/\/gustavoadolfo.com.br\/saocristovao\/wp-json\/wp\/v2\/comments?post=6038"}],"version-history":[{"count":33,"href":"https:\/\/gustavoadolfo.com.br\/saocristovao\/wp-json\/wp\/v2\/pages\/6038\/revisions"}],"predecessor-version":[{"id":6434,"href":"https:\/\/gustavoadolfo.com.br\/saocristovao\/wp-json\/wp\/v2\/pages\/6038\/revisions\/6434"}],"wp:attachment":[{"href":"https:\/\/gustavoadolfo.com.br\/saocristovao\/wp-json\/wp\/v2\/media?parent=6038"}],"curies":[{"name":"wp","href":"https:\/\/api.w.org\/{rel}","templated":true}]}}