{"id":4980,"date":"2022-01-31T16:52:17","date_gmt":"2022-01-31T19:52:17","guid":{"rendered":"https:\/\/csgustavoadolfo.com.br\/saocristovao\/?page_id=4980"},"modified":"2026-04-09T09:43:20","modified_gmt":"2026-04-09T12:43:20","slug":"atividades-extracurriculares-2","status":"publish","type":"page","link":"https:\/\/gustavoadolfo.com.br\/saocristovao\/atividades-extracurriculares-2\/","title":{"rendered":"Oficinas Extracurriculares"},"content":{"rendered":"\t\t<div data-elementor-type=\"wp-page\" data-elementor-id=\"4980\" class=\"elementor elementor-4980\" data-elementor-settings=\"[]\">\n\t\t\t\t\t\t\t<div class=\"elementor-section-wrap\">\n\t\t\t\t\t\t\t<section class=\"elementor-section elementor-top-section elementor-element elementor-element-7668c57 elementor-section-boxed elementor-section-height-default elementor-section-height-default\" data-id=\"7668c57\" data-element_type=\"section\">\n\t\t\t\t\t\t<div class=\"elementor-container elementor-column-gap-default\">\n\t\t\t\t\t<div class=\"elementor-column elementor-col-100 elementor-top-column elementor-element elementor-element-9dab65d\" data-id=\"9dab65d\" data-element_type=\"column\">\n\t\t\t<div class=\"elementor-widget-wrap elementor-element-populated\">\n\t\t\t\t\t\t\t\t<div class=\"elementor-element elementor-element-69e48d0 elementor-widget elementor-widget-text-editor\" data-id=\"69e48d0\" data-element_type=\"widget\" data-widget_type=\"text-editor.default\">\n\t\t\t\t<div class=\"elementor-widget-container\">\n\t\t\t\t\t\t\t<p dir=\"ltr\" style=\"line-height: 2.25; margin-top: 0pt; margin-bottom: 11pt;\"><span style=\"font-size: 10pt; font-family: Roboto,sans-serif; color: #000000; background-color: #fafafa; font-weight: 400; font-style: normal; font-variant: normal; text-decoration: none; vertical-align: baseline; white-space: pre-wrap;\">Os benef\u00edcios da Atividades Extracurriculares v\u00e3o desde o conv\u00edvio em grupo at\u00e9 o sentimento de pertencimento a um grupo, primordial para a qualidade e sa\u00fade emocional de crian\u00e7as e adolescentes. Especificamente, no individual, o desenvolvimento de habilidades e compet\u00eancias compete \u00e0 modalidade exercida.<\/span><\/p><p dir=\"ltr\" style=\"line-height: 2.25; margin-top: 0pt; margin-bottom: 11pt;\"><span style=\"color: #000000; font-size: 10pt; white-space: pre-wrap;\">Temos mais de 20 op\u00e7\u00f5es para que cada aluno encontre seu talento e desenvolva suas habilidades. Tem possibilidades para todos os n\u00edveis de ensino. Nas oficinas culturais, temos dan\u00e7a, teatro, desenho, coral infantil, orquestra, e v\u00e1rias possibilidades de instrumentos musicais. Nas esportivas, os alunos podem participar de futsal, v\u00f4lei, basquete, karat\u00ea, patina\u00e7\u00e3o, yoga, xadrez e Pilates. Ainda, temos a oficina Ateli\u00ea Cient\u00edfico, na qual a curiosidade se transforma em descobertas.<\/span><\/p><div><a href=\"https:\/\/docs.google.com\/document\/d\/1XZYlUjXIOt3Qt6YHny94UEc120kmA7sZFm_sbD_8hr0\/edit?tab=t.0\">Confira quais os hor\u00e1rios das atividades extracurriculares<\/a><\/div><div>\u00a0<\/div><div><a href=\"https:\/\/gustavoadolfo.zeev.it\/2.0\/anonymous?c=1037NtVce8bSbS%2FvEvD3%2F6pAaSCB2o9rI3XI%2BwMXL6WzWQ5t8X1ovj%2BrYLUFyclxolT8O4rkGssh7%2B0%2Bpm5i0zdgGTLmcKp%2BCqSBLRVUQyU%3D\">Fa\u00e7a a inscri\u00e7\u00e3o aqui<\/a><\/div>\t\t\t\t\t\t<\/div>\n\t\t\t\t<\/div>\n\t\t\t\t\t<\/div>\n\t\t<\/div>\n\t\t\t\t\t\t\t<\/div>\n\t\t<\/section>\n\t\t\t\t<section class=\"elementor-section elementor-top-section elementor-element elementor-element-0792ae6 elementor-section-boxed elementor-section-height-default elementor-section-height-default\" data-id=\"0792ae6\" data-element_type=\"section\">\n\t\t\t\t\t\t<div class=\"elementor-container elementor-column-gap-default\">\n\t\t\t\t\t<div class=\"elementor-column elementor-col-100 elementor-top-column elementor-element elementor-element-b9bc74b\" data-id=\"b9bc74b\" data-element_type=\"column\">\n\t\t\t<div class=\"elementor-widget-wrap elementor-element-populated\">\n\t\t\t\t\t\t\t\t<div class=\"elementor-element elementor-element-16171f5 elementor-widget elementor-widget-image\" data-id=\"16171f5\" data-element_type=\"widget\" data-widget_type=\"image.default\">\n\t\t\t\t<div class=\"elementor-widget-container\">\n\t\t\t\t\t\t\t\t\t\t\t\t\t\t\t<img width=\"1024\" height=\"769\" src=\"https:\/\/gustavoadolfo.com.br\/saocristovao\/wp-content\/uploads\/2025\/03\/6-1-1024x769.jpg\" class=\"attachment-large size-large\" alt=\"\" loading=\"lazy\" srcset=\"https:\/\/gustavoadolfo.com.br\/saocristovao\/wp-content\/uploads\/2025\/03\/6-1-1024x769.jpg 1024w, https:\/\/gustavoadolfo.com.br\/saocristovao\/wp-content\/uploads\/2025\/03\/6-1-300x225.jpg 300w, https:\/\/gustavoadolfo.com.br\/saocristovao\/wp-content\/uploads\/2025\/03\/6-1-768x577.jpg 768w, https:\/\/gustavoadolfo.com.br\/saocristovao\/wp-content\/uploads\/2025\/03\/6-1-1536x1153.jpg 1536w, https:\/\/gustavoadolfo.com.br\/saocristovao\/wp-content\/uploads\/2025\/03\/6-1-2048x1538.jpg 2048w\" sizes=\"(max-width: 1024px) 100vw, 1024px\" \/>\t\t\t\t\t\t\t\t\t\t\t\t\t\t\t<\/div>\n\t\t\t\t<\/div>\n\t\t\t\t\t<\/div>\n\t\t<\/div>\n\t\t\t\t\t\t\t<\/div>\n\t\t<\/section>\n\t\t\t\t\t\t<\/div>\n\t\t\t\t\t<\/div>\n\t\t","protected":false},"excerpt":{"rendered":"<p>Os benef\u00edcios da Atividades Extracurriculares v\u00e3o desde o conv\u00edvio em grupo at\u00e9 o sentimento de pertencimento a um grupo, primordial para a qualidade e sa\u00fade emocional de crian\u00e7as e adolescentes. Especificamente, no individual, o desenvolvimento de habilidades e compet\u00eancias compete \u00e0 modalidade exercida. Temos mais de 20 op\u00e7\u00f5es para que cada aluno encontre seu talento<br \/><a class=\"moretag\" href=\"https:\/\/gustavoadolfo.com.br\/saocristovao\/atividades-extracurriculares-2\/\">+ Read More<\/a><\/p>\n","protected":false},"author":2,"featured_media":0,"parent":0,"menu_order":0,"comment_status":"closed","ping_status":"closed","template":"","meta":[],"_links":{"self":[{"href":"https:\/\/gustavoadolfo.com.br\/saocristovao\/wp-json\/wp\/v2\/pages\/4980"}],"collection":[{"href":"https:\/\/gustavoadolfo.com.br\/saocristovao\/wp-json\/wp\/v2\/pages"}],"about":[{"href":"https:\/\/gustavoadolfo.com.br\/saocristovao\/wp-json\/wp\/v2\/types\/page"}],"author":[{"embeddable":true,"href":"https:\/\/gustavoadolfo.com.br\/saocristovao\/wp-json\/wp\/v2\/users\/2"}],"replies":[{"embeddable":true,"href":"https:\/\/gustavoadolfo.com.br\/saocristovao\/wp-json\/wp\/v2\/comments?post=4980"}],"version-history":[{"count":46,"href":"https:\/\/gustavoadolfo.com.br\/saocristovao\/wp-json\/wp\/v2\/pages\/4980\/revisions"}],"predecessor-version":[{"id":6461,"href":"https:\/\/gustavoadolfo.com.br\/saocristovao\/wp-json\/wp\/v2\/pages\/4980\/revisions\/6461"}],"wp:attachment":[{"href":"https:\/\/gustavoadolfo.com.br\/saocristovao\/wp-json\/wp\/v2\/media?parent=4980"}],"curies":[{"name":"wp","href":"https:\/\/api.w.org\/{rel}","templated":true}]}}