{"id":4970,"date":"2022-01-31T16:46:32","date_gmt":"2022-01-31T19:46:32","guid":{"rendered":"https:\/\/csgustavoadolfo.com.br\/saocristovao\/?page_id=4970"},"modified":"2022-12-01T14:37:10","modified_gmt":"2022-12-01T17:37:10","slug":"turno-inverso","status":"publish","type":"page","link":"https:\/\/gustavoadolfo.com.br\/saocristovao\/turno-inverso\/","title":{"rendered":"Turno Inverso"},"content":{"rendered":"<p>O Turno Inverso consiste no espa\u00e7o \u00a0prazeroso, que propicia aprendizagens diversificadas e conviv\u00eancia social para estudantes da Educa\u00e7\u00e3o Infantil ao 9\u00ba ano do Ensino Fundamental, no turno oposto \u00e0s aulas. Possui atendimento das 7h15min \u00e0s 18h30min, de segunda a sexta-feira.<\/p>\n<p>Os estudantes recebem refei\u00e7\u00f5es, disp\u00f5em de momento para o descanso e higiene, monitoria nas tarefas escolares (temas), encaminhamento para atividades do turno regular ou atividades extracurriculares oferecidas pela escola e orienta\u00e7\u00e3o de h\u00e1bitos\/atitudes que dignificam seu car\u00e1ter e promovem sua autonomia. Envolvem-se em atividades multidisciplinares atrav\u00e9s das diversas viv\u00eancias desenvolvidas pelas monitoras para o aprimoramento dos aspectos psicomotores, afetivos e cognitivos, e divertem-se com as programa\u00e7\u00f5es especiais, passeios e agenda cultural.<\/p>\n<p>O Turno Inverso atua com o papel integrador escola\/fam\u00edlia, para atenuar a conviv\u00eancia em sociedade, o respeito, os valores morais e suprir suas necessidades b\u00e1sicas e despertar sua autonomia. Disp\u00f5e de um planejamento metodol\u00f3gico fundamentado nos quatro pilares da Educa\u00e7\u00e3o: Aprender a ser, Aprender a fazer, Aprender a Conhecer e Aprender a Conviver e prima pela orienta\u00e7\u00e3o de h\u00e1bitos e atitudes no seu cotidiano.<\/p>\n<p><img loading=\"lazy\" class=\"alignnone size-full wp-image-5127\" src=\"https:\/\/gustavoadolfo.com.br\/saocristovao\/wp-content\/uploads\/2022\/12\/TURNO-INVERSO.jpeg\" alt=\"\" width=\"1590\" height=\"1064\" srcset=\"https:\/\/gustavoadolfo.com.br\/saocristovao\/wp-content\/uploads\/2022\/12\/TURNO-INVERSO.jpeg 1590w, https:\/\/gustavoadolfo.com.br\/saocristovao\/wp-content\/uploads\/2022\/12\/TURNO-INVERSO-300x201.jpeg 300w, https:\/\/gustavoadolfo.com.br\/saocristovao\/wp-content\/uploads\/2022\/12\/TURNO-INVERSO-1024x685.jpeg 1024w, https:\/\/gustavoadolfo.com.br\/saocristovao\/wp-content\/uploads\/2022\/12\/TURNO-INVERSO-768x514.jpeg 768w, https:\/\/gustavoadolfo.com.br\/saocristovao\/wp-content\/uploads\/2022\/12\/TURNO-INVERSO-1536x1028.jpeg 1536w\" sizes=\"(max-width: 1590px) 100vw, 1590px\" \/><\/p>\n","protected":false},"excerpt":{"rendered":"<p>O Turno Inverso consiste no espa\u00e7o \u00a0prazeroso, que propicia aprendizagens diversificadas e conviv\u00eancia social para estudantes da Educa\u00e7\u00e3o Infantil ao 9\u00ba ano do Ensino Fundamental, no turno oposto \u00e0s aulas. Possui atendimento das 7h15min \u00e0s 18h30min, de segunda a sexta-feira. Os estudantes recebem refei\u00e7\u00f5es, disp\u00f5em de momento para o descanso e higiene, monitoria nas tarefas<br \/><a class=\"moretag\" href=\"https:\/\/gustavoadolfo.com.br\/saocristovao\/turno-inverso\/\">+ Read More<\/a><\/p>\n","protected":false},"author":2,"featured_media":0,"parent":0,"menu_order":0,"comment_status":"closed","ping_status":"closed","template":"","meta":[],"_links":{"self":[{"href":"https:\/\/gustavoadolfo.com.br\/saocristovao\/wp-json\/wp\/v2\/pages\/4970"}],"collection":[{"href":"https:\/\/gustavoadolfo.com.br\/saocristovao\/wp-json\/wp\/v2\/pages"}],"about":[{"href":"https:\/\/gustavoadolfo.com.br\/saocristovao\/wp-json\/wp\/v2\/types\/page"}],"author":[{"embeddable":true,"href":"https:\/\/gustavoadolfo.com.br\/saocristovao\/wp-json\/wp\/v2\/users\/2"}],"replies":[{"embeddable":true,"href":"https:\/\/gustavoadolfo.com.br\/saocristovao\/wp-json\/wp\/v2\/comments?post=4970"}],"version-history":[{"count":6,"href":"https:\/\/gustavoadolfo.com.br\/saocristovao\/wp-json\/wp\/v2\/pages\/4970\/revisions"}],"predecessor-version":[{"id":5133,"href":"https:\/\/gustavoadolfo.com.br\/saocristovao\/wp-json\/wp\/v2\/pages\/4970\/revisions\/5133"}],"wp:attachment":[{"href":"https:\/\/gustavoadolfo.com.br\/saocristovao\/wp-json\/wp\/v2\/media?parent=4970"}],"curies":[{"name":"wp","href":"https:\/\/api.w.org\/{rel}","templated":true}]}}