{"id":4936,"date":"2022-01-31T16:17:56","date_gmt":"2022-01-31T19:17:56","guid":{"rendered":"https:\/\/csgustavoadolfo.com.br\/saocristovao\/?page_id=4936"},"modified":"2026-04-09T09:34:55","modified_gmt":"2026-04-09T12:34:55","slug":"ensino-fundamental-anos-iniciais","status":"publish","type":"page","link":"https:\/\/gustavoadolfo.com.br\/saocristovao\/ensino-fundamental-anos-iniciais\/","title":{"rendered":"Ensino Fundamental &#8211; Anos Iniciais"},"content":{"rendered":"<p dir=\"ltr\" style=\"line-height: 1.875; text-align: justify; margin-top: 0pt; margin-bottom: 11pt;\">Os Anos Iniciais compreendem turmas do 1\u00ba ao 5\u00ba ano do Ensino Fundamental. Nessa etapa, se oportuniza \u00e0 crian\u00e7a viv\u00eancias que estimulam o desenvolvimento dos aspectos atitudinais, cognitivos e psicomotores. Favorecem o desenvolvimento do autoconhecimento, da iniciativa, da sensibilidade, da afetividade e do senso de direitos e deveres, no conv\u00edvio di\u00e1rio.<\/p>\n<p dir=\"ltr\" style=\"line-height: 1.875; text-align: justify; margin-top: 0pt; margin-bottom: 11pt;\">Nos Anos Iniciais, desenvolvem-se habilidades e compet\u00eancias nas diferentes \u00e1reas do conhecimento, considerando-se a individualidade, o ritmo e as potencialidades de cada crian\u00e7a. Os professores proporcionam viv\u00eancias que oportunizam a forma\u00e7\u00e3o de valores morais e princ\u00edpios crist\u00e3os, oportunizando condi\u00e7\u00f5es para seu desenvolvimento social e cognitivo.<\/p>\n<p dir=\"ltr\" style=\"line-height: 1.875; text-align: justify; margin-top: 0pt; margin-bottom: 11pt;\">Al\u00e9m disso, estimulam a autonomia para a aprendizagem, desenvolvendo h\u00e1bitos, rotinas e responsabilidade por suas escolhas, formando uma postura de estudante investigativa atrav\u00e9s da pesquisa.<\/p>\n<p dir=\"ltr\" style=\"line-height: 1.875; text-align: justify; margin-top: 0pt; margin-bottom: 11pt;\">Os estudantes dos Anos Iniciais contam com o ensino bil\u00edngue &#8211; Portugu\u00eas \/ Ingl\u00eas.<\/p>\n<p><img loading=\"lazy\" class=\"alignnone size-full wp-image-5122\" src=\"https:\/\/gustavoadolfo.com.br\/saocristovao\/wp-content\/uploads\/2022\/12\/ANOS-INICIAIS-scaled.jpg\" alt=\"\" width=\"2560\" height=\"1922\" srcset=\"https:\/\/gustavoadolfo.com.br\/saocristovao\/wp-content\/uploads\/2022\/12\/ANOS-INICIAIS-scaled.jpg 2560w, https:\/\/gustavoadolfo.com.br\/saocristovao\/wp-content\/uploads\/2022\/12\/ANOS-INICIAIS-300x225.jpg 300w, https:\/\/gustavoadolfo.com.br\/saocristovao\/wp-content\/uploads\/2022\/12\/ANOS-INICIAIS-1024x769.jpg 1024w, https:\/\/gustavoadolfo.com.br\/saocristovao\/wp-content\/uploads\/2022\/12\/ANOS-INICIAIS-768x577.jpg 768w, https:\/\/gustavoadolfo.com.br\/saocristovao\/wp-content\/uploads\/2022\/12\/ANOS-INICIAIS-1536x1153.jpg 1536w, https:\/\/gustavoadolfo.com.br\/saocristovao\/wp-content\/uploads\/2022\/12\/ANOS-INICIAIS-2048x1538.jpg 2048w\" sizes=\"(max-width: 2560px) 100vw, 2560px\" \/><\/p>\n","protected":false},"excerpt":{"rendered":"<p>Os Anos Iniciais compreendem turmas do 1\u00ba ao 5\u00ba ano do Ensino Fundamental. Nessa etapa, se oportuniza \u00e0 crian\u00e7a viv\u00eancias que estimulam o desenvolvimento dos aspectos atitudinais, cognitivos e psicomotores. Favorecem o desenvolvimento do autoconhecimento, da iniciativa, da sensibilidade, da afetividade e do senso de direitos e deveres, no conv\u00edvio di\u00e1rio. Nos Anos Iniciais, desenvolvem-se<br \/><a class=\"moretag\" href=\"https:\/\/gustavoadolfo.com.br\/saocristovao\/ensino-fundamental-anos-iniciais\/\">+ Read More<\/a><\/p>\n","protected":false},"author":2,"featured_media":0,"parent":0,"menu_order":0,"comment_status":"closed","ping_status":"closed","template":"","meta":[],"_links":{"self":[{"href":"https:\/\/gustavoadolfo.com.br\/saocristovao\/wp-json\/wp\/v2\/pages\/4936"}],"collection":[{"href":"https:\/\/gustavoadolfo.com.br\/saocristovao\/wp-json\/wp\/v2\/pages"}],"about":[{"href":"https:\/\/gustavoadolfo.com.br\/saocristovao\/wp-json\/wp\/v2\/types\/page"}],"author":[{"embeddable":true,"href":"https:\/\/gustavoadolfo.com.br\/saocristovao\/wp-json\/wp\/v2\/users\/2"}],"replies":[{"embeddable":true,"href":"https:\/\/gustavoadolfo.com.br\/saocristovao\/wp-json\/wp\/v2\/comments?post=4936"}],"version-history":[{"count":10,"href":"https:\/\/gustavoadolfo.com.br\/saocristovao\/wp-json\/wp\/v2\/pages\/4936\/revisions"}],"predecessor-version":[{"id":6455,"href":"https:\/\/gustavoadolfo.com.br\/saocristovao\/wp-json\/wp\/v2\/pages\/4936\/revisions\/6455"}],"wp:attachment":[{"href":"https:\/\/gustavoadolfo.com.br\/saocristovao\/wp-json\/wp\/v2\/media?parent=4936"}],"curies":[{"name":"wp","href":"https:\/\/api.w.org\/{rel}","templated":true}]}}