{"id":4926,"date":"2022-01-31T16:12:26","date_gmt":"2022-01-31T19:12:26","guid":{"rendered":"https:\/\/csgustavoadolfo.com.br\/saocristovao\/?page_id=4926"},"modified":"2022-12-01T14:34:20","modified_gmt":"2022-12-01T17:34:20","slug":"educacao-infantil-2","status":"publish","type":"page","link":"https:\/\/gustavoadolfo.com.br\/saocristovao\/educacao-infantil-2\/","title":{"rendered":"Educa\u00e7\u00e3o Infantil"},"content":{"rendered":"<p dir=\"ltr\" style=\"line-height: 1.875; text-align: justify; margin-top: 0pt; margin-bottom: 11pt;\">Com um olhar espec\u00edfico para esta importante etapa do desenvolvimento, a Educa\u00e7\u00e3o Infantil no Gustavo Adolfo possibilita \u00e0s crian\u00e7as explorarem as diferentes linguagens (corporal, psicomotora, espiritual, musical, pl\u00e1stica, oral, escrita e l\u00f3gico matem\u00e1tica), ajustadas \u00e0s diferentes inten\u00e7\u00f5es, caracter\u00edsticas, necessidades e possibilidades. Propiciando uma diversidade de ambientes, estimula-se a imagina\u00e7\u00e3o e a curiosidade, avan\u00e7ando assim, no desenvolvimento de suas potencialidades e autonomia.<\/p>\n<p dir=\"ltr\" style=\"line-height: 1.875; text-align: justify; margin-top: 0pt; margin-bottom: 11pt;\">As a\u00e7\u00f5es pedag\u00f3gicas realizadas pelos professores, ocorre por meio de intera\u00e7\u00f5es e brincadeiras. Ao interagir a crian\u00e7a se desenvolve criando v\u00ednculos afetivos, de conviv\u00eancia e respeito \u00e0 diversidade e ao brincar, a crian\u00e7a se apropria de experi\u00eancias, conhecimentos e habilidades, contribuindo para a aprendizagem de forma l\u00fadica, enriquecendo sua capacidade cognitiva, expressiva e criadora.<\/p>\n<p dir=\"ltr\" style=\"line-height: 1.875; margin-top: 0pt; margin-bottom: 11pt;\">N\u00edveis:<\/p>\n<p>N\u00edvel I * \u2013 Manh\u00e3 ou Tarde (03 anos). * A crian\u00e7a deve estar desfraldada<br \/>\nN\u00edvel II \u2013 Manh\u00e3 ou Tarde (04 anos)<br \/>\nN\u00edvel III &#8211; Manh\u00e3 ou Tarde (05 anos) &#8211; possibilidade de turmas bil\u00edngues (Portugu\u00eas\/Ingl\u00eas)<\/p>\n<p><img loading=\"lazy\" class=\"alignnone size-full wp-image-5124\" src=\"https:\/\/gustavoadolfo.com.br\/saocristovao\/wp-content\/uploads\/2022\/12\/educacao-infantil-scaled.jpg\" alt=\"\" width=\"2560\" height=\"1922\" srcset=\"https:\/\/gustavoadolfo.com.br\/saocristovao\/wp-content\/uploads\/2022\/12\/educacao-infantil-scaled.jpg 2560w, https:\/\/gustavoadolfo.com.br\/saocristovao\/wp-content\/uploads\/2022\/12\/educacao-infantil-300x225.jpg 300w, https:\/\/gustavoadolfo.com.br\/saocristovao\/wp-content\/uploads\/2022\/12\/educacao-infantil-1024x769.jpg 1024w, https:\/\/gustavoadolfo.com.br\/saocristovao\/wp-content\/uploads\/2022\/12\/educacao-infantil-768x577.jpg 768w, https:\/\/gustavoadolfo.com.br\/saocristovao\/wp-content\/uploads\/2022\/12\/educacao-infantil-1536x1153.jpg 1536w, https:\/\/gustavoadolfo.com.br\/saocristovao\/wp-content\/uploads\/2022\/12\/educacao-infantil-2048x1538.jpg 2048w\" sizes=\"(max-width: 2560px) 100vw, 2560px\" \/><\/p>\n","protected":false},"excerpt":{"rendered":"<p>Com um olhar espec\u00edfico para esta importante etapa do desenvolvimento, a Educa\u00e7\u00e3o Infantil no Gustavo Adolfo possibilita \u00e0s crian\u00e7as explorarem as diferentes linguagens (corporal, psicomotora, espiritual, musical, pl\u00e1stica, oral, escrita e l\u00f3gico matem\u00e1tica), ajustadas \u00e0s diferentes inten\u00e7\u00f5es, caracter\u00edsticas, necessidades e possibilidades. Propiciando uma diversidade de ambientes, estimula-se a imagina\u00e7\u00e3o e a curiosidade, avan\u00e7ando assim, no<br \/><a class=\"moretag\" href=\"https:\/\/gustavoadolfo.com.br\/saocristovao\/educacao-infantil-2\/\">+ Read More<\/a><\/p>\n","protected":false},"author":2,"featured_media":0,"parent":0,"menu_order":0,"comment_status":"closed","ping_status":"closed","template":"","meta":[],"_links":{"self":[{"href":"https:\/\/gustavoadolfo.com.br\/saocristovao\/wp-json\/wp\/v2\/pages\/4926"}],"collection":[{"href":"https:\/\/gustavoadolfo.com.br\/saocristovao\/wp-json\/wp\/v2\/pages"}],"about":[{"href":"https:\/\/gustavoadolfo.com.br\/saocristovao\/wp-json\/wp\/v2\/types\/page"}],"author":[{"embeddable":true,"href":"https:\/\/gustavoadolfo.com.br\/saocristovao\/wp-json\/wp\/v2\/users\/2"}],"replies":[{"embeddable":true,"href":"https:\/\/gustavoadolfo.com.br\/saocristovao\/wp-json\/wp\/v2\/comments?post=4926"}],"version-history":[{"count":6,"href":"https:\/\/gustavoadolfo.com.br\/saocristovao\/wp-json\/wp\/v2\/pages\/4926\/revisions"}],"predecessor-version":[{"id":5131,"href":"https:\/\/gustavoadolfo.com.br\/saocristovao\/wp-json\/wp\/v2\/pages\/4926\/revisions\/5131"}],"wp:attachment":[{"href":"https:\/\/gustavoadolfo.com.br\/saocristovao\/wp-json\/wp\/v2\/media?parent=4926"}],"curies":[{"name":"wp","href":"https:\/\/api.w.org\/{rel}","templated":true}]}}