{"id":4909,"date":"2022-01-31T16:02:33","date_gmt":"2022-01-31T19:02:33","guid":{"rendered":"https:\/\/csgustavoadolfo.com.br\/saocristovao\/?page_id=4909"},"modified":"2026-04-09T09:50:27","modified_gmt":"2026-04-09T12:50:27","slug":"elementor-4909","status":"publish","type":"page","link":"https:\/\/gustavoadolfo.com.br\/saocristovao\/elementor-4909\/","title":{"rendered":"Conhe\u00e7a o Ensino Bil\u00edngue"},"content":{"rendered":"\t\t<div data-elementor-type=\"wp-page\" data-elementor-id=\"4909\" class=\"elementor elementor-4909\" data-elementor-settings=\"[]\">\n\t\t\t\t\t\t\t<div class=\"elementor-section-wrap\">\n\t\t\t\t\t\t\t<section class=\"elementor-section elementor-top-section elementor-element elementor-element-192f83d elementor-section-boxed elementor-section-height-default elementor-section-height-default\" data-id=\"192f83d\" data-element_type=\"section\">\n\t\t\t\t\t\t<div class=\"elementor-container elementor-column-gap-default\">\n\t\t\t\t\t<div class=\"elementor-column elementor-col-100 elementor-top-column elementor-element elementor-element-977f05d\" data-id=\"977f05d\" data-element_type=\"column\">\n\t\t\t<div class=\"elementor-widget-wrap elementor-element-populated\">\n\t\t\t\t\t\t\t\t<div class=\"elementor-element elementor-element-702da27 elementor-widget elementor-widget-image\" data-id=\"702da27\" data-element_type=\"widget\" data-widget_type=\"image.default\">\n\t\t\t\t<div class=\"elementor-widget-container\">\n\t\t\t\t\t\t\t\t\t\t\t\t\t\t\t<img width=\"1024\" height=\"769\" src=\"https:\/\/gustavoadolfo.com.br\/saocristovao\/wp-content\/uploads\/2024\/05\/3-1024x769.jpg\" class=\"attachment-large size-large\" alt=\"\" loading=\"lazy\" srcset=\"https:\/\/gustavoadolfo.com.br\/saocristovao\/wp-content\/uploads\/2024\/05\/3-1024x769.jpg 1024w, https:\/\/gustavoadolfo.com.br\/saocristovao\/wp-content\/uploads\/2024\/05\/3-300x225.jpg 300w, https:\/\/gustavoadolfo.com.br\/saocristovao\/wp-content\/uploads\/2024\/05\/3-768x577.jpg 768w, https:\/\/gustavoadolfo.com.br\/saocristovao\/wp-content\/uploads\/2024\/05\/3-1536x1153.jpg 1536w, https:\/\/gustavoadolfo.com.br\/saocristovao\/wp-content\/uploads\/2024\/05\/3-2048x1538.jpg 2048w\" sizes=\"(max-width: 1024px) 100vw, 1024px\" \/>\t\t\t\t\t\t\t\t\t\t\t\t\t\t\t<\/div>\n\t\t\t\t<\/div>\n\t\t\t\t<div class=\"elementor-element elementor-element-86e3e21 elementor-widget elementor-widget-text-editor\" data-id=\"86e3e21\" data-element_type=\"widget\" data-widget_type=\"text-editor.default\">\n\t\t\t\t<div class=\"elementor-widget-container\">\n\t\t\t\t\t\t\t<p dir=\"ltr\" style=\"background-color: #ffffff; margin-top: 0pt; margin-bottom: 11pt; line-height: 1.875;\">O GA \u00e9 A Escola Bil\u00edngue do Vale do Taquari.<\/p><p dir=\"ltr\" style=\"background-color: #ffffff; margin-top: 0pt; margin-bottom: 11pt; line-height: 1.875;\"><span style=\"color: #727272;\"><span style=\"white-space-collapse: preserve; background-color: #fafafa;\">\u00a0O Ensino Bil\u00edngue a<\/span><\/span><span style=\"background-color: #fafafa; white-space-collapse: preserve; color: #727272;\">brange os estudantes da Educa\u00e7\u00e3o Infantil e do Ensino Fundamental. S\u00e3o dois professores em sala de aula &#8211; um ensina em Ingl\u00eas e outro em <\/span><span style=\"white-space-collapse: preserve; color: #727272;\">Portugu\u00eas, em tempo integral.<\/span><\/p><p dir=\"ltr\" style=\"background-color: #ffffff; margin-top: 0pt; margin-bottom: 11pt; line-height: 1.875;\"><span style=\"white-space-collapse: preserve; color: #727272;\">\u00a0<\/span><\/p><p dir=\"ltr\">\u00a0<\/p>\t\t\t\t\t\t<\/div>\n\t\t\t\t<\/div>\n\t\t\t\t\t<\/div>\n\t\t<\/div>\n\t\t\t\t\t\t\t<\/div>\n\t\t<\/section>\n\t\t\t\t\t\t<\/div>\n\t\t\t\t\t<\/div>\n\t\t","protected":false},"excerpt":{"rendered":"<p>O GA \u00e9 A Escola Bil\u00edngue do Vale do Taquari. \u00a0O Ensino Bil\u00edngue abrange os estudantes da Educa\u00e7\u00e3o Infantil e do Ensino Fundamental. S\u00e3o dois professores em sala de aula &#8211; um ensina em Ingl\u00eas e outro em Portugu\u00eas, em tempo integral. \u00a0 \u00a0<\/p>\n","protected":false},"author":2,"featured_media":0,"parent":0,"menu_order":0,"comment_status":"closed","ping_status":"closed","template":"","meta":[],"_links":{"self":[{"href":"https:\/\/gustavoadolfo.com.br\/saocristovao\/wp-json\/wp\/v2\/pages\/4909"}],"collection":[{"href":"https:\/\/gustavoadolfo.com.br\/saocristovao\/wp-json\/wp\/v2\/pages"}],"about":[{"href":"https:\/\/gustavoadolfo.com.br\/saocristovao\/wp-json\/wp\/v2\/types\/page"}],"author":[{"embeddable":true,"href":"https:\/\/gustavoadolfo.com.br\/saocristovao\/wp-json\/wp\/v2\/users\/2"}],"replies":[{"embeddable":true,"href":"https:\/\/gustavoadolfo.com.br\/saocristovao\/wp-json\/wp\/v2\/comments?post=4909"}],"version-history":[{"count":20,"href":"https:\/\/gustavoadolfo.com.br\/saocristovao\/wp-json\/wp\/v2\/pages\/4909\/revisions"}],"predecessor-version":[{"id":6468,"href":"https:\/\/gustavoadolfo.com.br\/saocristovao\/wp-json\/wp\/v2\/pages\/4909\/revisions\/6468"}],"wp:attachment":[{"href":"https:\/\/gustavoadolfo.com.br\/saocristovao\/wp-json\/wp\/v2\/media?parent=4909"}],"curies":[{"name":"wp","href":"https:\/\/api.w.org\/{rel}","templated":true}]}}