{"id":485,"date":"2018-11-12T17:25:00","date_gmt":"2018-11-12T19:25:00","guid":{"rendered":"http:\/\/gustavoadolfo.com.br\/portal\/?page_id=485"},"modified":"2025-07-24T11:36:49","modified_gmt":"2025-07-24T14:36:49","slug":"uniforme","status":"publish","type":"page","link":"https:\/\/gustavoadolfo.com.br\/saocristovao\/uniforme\/","title":{"rendered":"Uniforme"},"content":{"rendered":"\t\t<div data-elementor-type=\"wp-page\" data-elementor-id=\"485\" class=\"elementor elementor-485\" data-elementor-settings=\"[]\">\n\t\t\t\t\t\t\t<div class=\"elementor-section-wrap\">\n\t\t\t\t\t\t\t<section class=\"elementor-section elementor-top-section elementor-element elementor-element-5f8b1141 elementor-section-boxed elementor-section-height-default elementor-section-height-default\" data-id=\"5f8b1141\" data-element_type=\"section\">\n\t\t\t\t\t\t<div class=\"elementor-container elementor-column-gap-default\">\n\t\t\t\t\t<div class=\"elementor-column elementor-col-100 elementor-top-column elementor-element elementor-element-6f48a022\" data-id=\"6f48a022\" data-element_type=\"column\">\n\t\t\t<div class=\"elementor-widget-wrap elementor-element-populated\">\n\t\t\t\t\t\t\t\t<div class=\"elementor-element elementor-element-16c993a elementor-widget elementor-widget-text-editor\" data-id=\"16c993a\" data-element_type=\"widget\" data-widget_type=\"text-editor.default\">\n\t\t\t\t<div class=\"elementor-widget-container\">\n\t\t\t\t\t\t\t<p>O uniforme completo \u00e9 obrigat\u00f3rio a todos os estudantes da Educa\u00e7\u00e3o Infantil at\u00e9 o Ensino M\u00e9dio nas depend\u00eancias do Centro de Educa\u00e7\u00e3o B\u00e1sica Gustavo Adolfo e nas atividades em que os alunos representem a Institui\u00e7\u00e3o.<\/p><p>Confira abaixo os fornecedores de uniformes e acesse a p\u00e1gina de contato.<\/p><p><a href=\"http:\/\/www.sandrinaconfeccoes.com.br\/pagina.php?cont=produtosMenu&amp;escola=4\">Confec\u00e7\u00f5es Sandrin\u00e1<\/a><\/p><p><a href=\"https:\/\/tedescouniformes.com.br\/\">Uniformes Tedesco<\/a><\/p>\t\t\t\t\t\t<\/div>\n\t\t\t\t<\/div>\n\t\t\t\t\t<\/div>\n\t\t<\/div>\n\t\t\t\t\t\t\t<\/div>\n\t\t<\/section>\n\t\t\t\t\t\t<\/div>\n\t\t\t\t\t<\/div>\n\t\t","protected":false},"excerpt":{"rendered":"<p>O uniforme completo \u00e9 obrigat\u00f3rio a todos os estudantes da Educa\u00e7\u00e3o Infantil at\u00e9 o Ensino M\u00e9dio nas depend\u00eancias do Centro de Educa\u00e7\u00e3o B\u00e1sica Gustavo Adolfo e nas atividades em que os alunos representem a Institui\u00e7\u00e3o. Confira abaixo os fornecedores de uniformes e acesse a p\u00e1gina de contato. Confec\u00e7\u00f5es Sandrin\u00e1 Uniformes Tedesco<\/p>\n","protected":false},"author":1,"featured_media":0,"parent":0,"menu_order":0,"comment_status":"closed","ping_status":"closed","template":"","meta":[],"_links":{"self":[{"href":"https:\/\/gustavoadolfo.com.br\/saocristovao\/wp-json\/wp\/v2\/pages\/485"}],"collection":[{"href":"https:\/\/gustavoadolfo.com.br\/saocristovao\/wp-json\/wp\/v2\/pages"}],"about":[{"href":"https:\/\/gustavoadolfo.com.br\/saocristovao\/wp-json\/wp\/v2\/types\/page"}],"author":[{"embeddable":true,"href":"https:\/\/gustavoadolfo.com.br\/saocristovao\/wp-json\/wp\/v2\/users\/1"}],"replies":[{"embeddable":true,"href":"https:\/\/gustavoadolfo.com.br\/saocristovao\/wp-json\/wp\/v2\/comments?post=485"}],"version-history":[{"count":11,"href":"https:\/\/gustavoadolfo.com.br\/saocristovao\/wp-json\/wp\/v2\/pages\/485\/revisions"}],"predecessor-version":[{"id":6266,"href":"https:\/\/gustavoadolfo.com.br\/saocristovao\/wp-json\/wp\/v2\/pages\/485\/revisions\/6266"}],"wp:attachment":[{"href":"https:\/\/gustavoadolfo.com.br\/saocristovao\/wp-json\/wp\/v2\/media?parent=485"}],"curies":[{"name":"wp","href":"https:\/\/api.w.org\/{rel}","templated":true}]}}