{"id":4606,"date":"2019-10-01T06:34:43","date_gmt":"2019-10-01T06:34:43","guid":{"rendered":"https:\/\/sktthemesdemo.net\/hotel\/?page_id=4606"},"modified":"2024-09-26T13:48:48","modified_gmt":"2024-09-26T16:48:48","slug":"home","status":"publish","type":"page","link":"https:\/\/gustavoadolfo.com.br\/saocristovao\/","title":{"rendered":"Home"},"content":{"rendered":"\t\t<div data-elementor-type=\"wp-page\" data-elementor-id=\"4606\" class=\"elementor elementor-4606\" data-elementor-settings=\"[]\">\n\t\t\t\t\t\t\t<div class=\"elementor-section-wrap\">\n\t\t\t\t\t\t\t<section class=\"elementor-section elementor-top-section elementor-element elementor-element-42de370 elementor-section-boxed elementor-section-height-default elementor-section-height-default\" data-id=\"42de370\" data-element_type=\"section\">\n\t\t\t\t\t\t<div class=\"elementor-container elementor-column-gap-default\">\n\t\t\t\t\t<div class=\"elementor-column elementor-col-100 elementor-top-column elementor-element elementor-element-63656d8\" data-id=\"63656d8\" data-element_type=\"column\">\n\t\t\t<div class=\"elementor-widget-wrap elementor-element-populated\">\n\t\t\t\t\t\t\t\t<div class=\"elementor-element elementor-element-42d5b60 elementor-widget elementor-widget-shortcode\" data-id=\"42d5b60\" data-element_type=\"widget\" data-widget_type=\"shortcode.default\">\n\t\t\t\t<div class=\"elementor-widget-container\">\n\t\t\t\t\t<div class=\"elementor-shortcode\"><div id=\"metaslider-id-5291\" style=\"width: 100%;\" class=\"ml-slider-3-28-0 metaslider metaslider-flex metaslider-5291 ml-slider nav-hidden\">\n    <div id=\"metaslider_container_5291\">\n        <div id=\"metaslider_5291\">\n            <ul aria-live=\"polite\" class=\"slides\">\n                <li style=\"display: block; width: 100%;\" class=\"slide-6470 ms-image\"><a href=\"https:\/\/drive.google.com\/drive\/folders\/1WQxWku-JIECwYETN-IAahnlqHwtdMMP6?usp=sharing\" target=\"_self\"><img loading=\"lazy\" src=\"https:\/\/gustavoadolfo.com.br\/saocristovao\/wp-content\/uploads\/2026\/04\/Banner_site_regulamento-atelie_sao-cri-958x200.png\" height=\"200\" width=\"958\" alt=\"\" class=\"slider-5291 slide-6470\" title=\"Banner_site_regulamento atelie_sao cri\" \/><\/a><\/li>\n                <li style=\"display: none; width: 100%;\" class=\"slide-6452 ms-image\"><img loading=\"lazy\" src=\"https:\/\/gustavoadolfo.com.br\/saocristovao\/wp-content\/uploads\/2026\/04\/Banner_site_atelie-marca-mutante-inscricoes-encerradas-958x200.png\" height=\"200\" width=\"958\" alt=\"\" class=\"slider-5291 slide-6452\" title=\"Banner_site_atelie marca mutante inscri\u00e7\u00f5es encerradas\" \/><\/li>\n                <li style=\"display: none; width: 100%;\" class=\"slide-6401 ms-image\"><a href=\"https:\/\/drive.google.com\/drive\/folders\/1mZjY6EzGDwjtGSphLK4wkKA4baELxc4b\" target=\"_self\"><img loading=\"lazy\" src=\"https:\/\/gustavoadolfo.com.br\/saocristovao\/wp-content\/uploads\/2026\/02\/Banner_site_horarios-958x200.png\" height=\"200\" width=\"958\" alt=\"\" class=\"slider-5291 slide-6401\" title=\"Banner_site_horarios\" \/><\/a><\/li>\n                <li style=\"display: none; width: 100%;\" class=\"slide-5623 ms-image\"><a href=\"https:\/\/drive.google.com\/file\/d\/1BHQVQFWK4JqbNxU4iDROCcpFAx6P3UqV\/view?usp=sharing\" target=\"_self\"><img loading=\"lazy\" src=\"https:\/\/gustavoadolfo.com.br\/saocristovao\/wp-content\/uploads\/2023\/08\/Banner_site_01.08.23-958x200.png\" height=\"200\" width=\"958\" alt=\"\" class=\"slider-5291 slide-5623\" title=\"Banner_site_01.08.23\" \/><\/a><\/li>\n            <\/ul>\n        <\/div>\n        \n    <\/div>\n<\/div><\/div>\n\t\t\t\t<\/div>\n\t\t\t\t<\/div>\n\t\t\t\t\t<\/div>\n\t\t<\/div>\n\t\t\t\t\t\t\t<\/div>\n\t\t<\/section>\n\t\t\t\t<section class=\"elementor-section elementor-top-section elementor-element elementor-element-3bf8db3 elementor-section-boxed elementor-section-height-default elementor-section-height-default\" data-id=\"3bf8db3\" data-element_type=\"section\">\n\t\t\t\t\t\t<div class=\"elementor-container elementor-column-gap-default\">\n\t\t\t\t\t<div class=\"elementor-column elementor-col-50 elementor-top-column elementor-element elementor-element-aeff988\" data-id=\"aeff988\" data-element_type=\"column\">\n\t\t\t<div class=\"elementor-widget-wrap elementor-element-populated\">\n\t\t\t\t\t\t\t\t<div class=\"elementor-element elementor-element-7d5d854 elementor-widget elementor-widget-image\" data-id=\"7d5d854\" data-element_type=\"widget\" data-widget_type=\"image.default\">\n\t\t\t\t<div class=\"elementor-widget-container\">\n\t\t\t\t\t\t\t\t\t\t\t\t\t\t\t<img width=\"1024\" height=\"769\" src=\"https:\/\/gustavoadolfo.com.br\/saocristovao\/wp-content\/uploads\/2024\/05\/3-1024x769.jpg\" class=\"attachment-large size-large\" alt=\"\" loading=\"lazy\" srcset=\"https:\/\/gustavoadolfo.com.br\/saocristovao\/wp-content\/uploads\/2024\/05\/3-1024x769.jpg 1024w, https:\/\/gustavoadolfo.com.br\/saocristovao\/wp-content\/uploads\/2024\/05\/3-300x225.jpg 300w, https:\/\/gustavoadolfo.com.br\/saocristovao\/wp-content\/uploads\/2024\/05\/3-768x577.jpg 768w, https:\/\/gustavoadolfo.com.br\/saocristovao\/wp-content\/uploads\/2024\/05\/3-1536x1153.jpg 1536w, https:\/\/gustavoadolfo.com.br\/saocristovao\/wp-content\/uploads\/2024\/05\/3-2048x1538.jpg 2048w\" sizes=\"(max-width: 1024px) 100vw, 1024px\" \/>\t\t\t\t\t\t\t\t\t\t\t\t\t\t\t<\/div>\n\t\t\t\t<\/div>\n\t\t\t\t\t<\/div>\n\t\t<\/div>\n\t\t\t\t<div class=\"elementor-column elementor-col-50 elementor-top-column elementor-element elementor-element-cf56b6b\" data-id=\"cf56b6b\" data-element_type=\"column\">\n\t\t\t<div class=\"elementor-widget-wrap elementor-element-populated\">\n\t\t\t\t\t\t\t\t<div class=\"elementor-element elementor-element-578a452 elementor-widget elementor-widget-heading\" data-id=\"578a452\" data-element_type=\"widget\" data-widget_type=\"heading.default\">\n\t\t\t\t<div class=\"elementor-widget-container\">\n\t\t\t<h2 class=\"elementor-heading-title elementor-size-default\"><a href=\"https:\/\/gustavoadolfo.com.br\/saocristovao\/elementor-4909\/\">Conhe\u00e7a o Ensino Bil\u00edngue<\/a><\/h2>\t\t<\/div>\n\t\t\t\t<\/div>\n\t\t\t\t<div class=\"elementor-element elementor-element-1a94f94 elementor-widget elementor-widget-text-editor\" data-id=\"1a94f94\" data-element_type=\"widget\" data-widget_type=\"text-editor.default\">\n\t\t\t\t<div class=\"elementor-widget-container\">\n\t\t\t\t\t\t\t<p>Dois professores em sala de aula &#8211; um ensina em Ingl\u00eas e outro em Portugu\u00eas.<\/p><div>\u00a0<\/div>\t\t\t\t\t\t<\/div>\n\t\t\t\t<\/div>\n\t\t\t\t<div class=\"elementor-element elementor-element-545b9b6 elementor-align-left elementor-widget elementor-widget-button\" data-id=\"545b9b6\" data-element_type=\"widget\" data-widget_type=\"button.default\">\n\t\t\t\t<div class=\"elementor-widget-container\">\n\t\t\t\t\t<div class=\"elementor-button-wrapper\">\n\t\t\t<a href=\"https:\/\/gustavoadolfo.com.br\/saocristovao\/elementor-4909\/\" class=\"elementor-button-link elementor-button elementor-size-lg\" role=\"button\">\n\t\t\t\t\t\t<span class=\"elementor-button-content-wrapper\">\n\t\t\t\t\t\t<span class=\"elementor-button-text\">LEIA MAIS<\/span>\n\t\t<\/span>\n\t\t\t\t\t<\/a>\n\t\t<\/div>\n\t\t\t\t<\/div>\n\t\t\t\t<\/div>\n\t\t\t\t\t<\/div>\n\t\t<\/div>\n\t\t\t\t\t\t\t<\/div>\n\t\t<\/section>\n\t\t\t\t<section class=\"elementor-section elementor-top-section elementor-element elementor-element-42de0912 elementor-section-boxed elementor-section-height-default elementor-section-height-default\" data-id=\"42de0912\" data-element_type=\"section\" data-settings=\"{&quot;background_background&quot;:&quot;classic&quot;}\">\n\t\t\t\t\t\t<div class=\"elementor-container elementor-column-gap-default\">\n\t\t\t\t\t<div class=\"elementor-column elementor-col-100 elementor-top-column elementor-element elementor-element-34d6fbb6\" data-id=\"34d6fbb6\" data-element_type=\"column\">\n\t\t\t<div class=\"elementor-widget-wrap elementor-element-populated\">\n\t\t\t\t\t\t\t\t<section class=\"elementor-section elementor-inner-section elementor-element elementor-element-5f11461d elementor-section-boxed elementor-section-height-default elementor-section-height-default\" data-id=\"5f11461d\" data-element_type=\"section\">\n\t\t\t\t\t\t<div class=\"elementor-container elementor-column-gap-default\">\n\t\t\t\t\t<div class=\"elementor-column elementor-col-50 elementor-inner-column elementor-element elementor-element-79d4fdd8 animated-slow elementor-invisible\" data-id=\"79d4fdd8\" data-element_type=\"column\" data-settings=\"{&quot;animation&quot;:&quot;fadeInLeft&quot;}\">\n\t\t\t<div class=\"elementor-widget-wrap elementor-element-populated\">\n\t\t\t\t\t\t\t\t<div class=\"elementor-element elementor-element-1d03ac7 elementor-widget elementor-widget-shortcode\" data-id=\"1d03ac7\" data-element_type=\"widget\" data-widget_type=\"shortcode.default\">\n\t\t\t\t<div class=\"elementor-widget-container\">\n\t\t\t\t\t<div class=\"elementor-shortcode\"><!-- MetaSlider 5173 not found --><\/div>\n\t\t\t\t<\/div>\n\t\t\t\t<\/div>\n\t\t\t\t\t<\/div>\n\t\t<\/div>\n\t\t\t\t<div class=\"elementor-column elementor-col-50 elementor-inner-column elementor-element elementor-element-33c368fa animated-slow elementor-invisible\" data-id=\"33c368fa\" data-element_type=\"column\" data-settings=\"{&quot;animation&quot;:&quot;fadeInRight&quot;}\">\n\t\t\t<div class=\"elementor-widget-wrap\">\n\t\t\t\t\t\t\t\t\t<\/div>\n\t\t<\/div>\n\t\t\t\t\t\t\t<\/div>\n\t\t<\/section>\n\t\t\t\t<section class=\"elementor-section elementor-inner-section elementor-element elementor-element-5e0de28f animated-slow elementor-section-boxed elementor-section-height-default elementor-section-height-default elementor-invisible\" data-id=\"5e0de28f\" data-element_type=\"section\" data-settings=\"{&quot;animation&quot;:&quot;fadeInUp&quot;}\">\n\t\t\t\t\t\t<div class=\"elementor-container elementor-column-gap-default\">\n\t\t\t\t\t<div class=\"elementor-column elementor-col-33 elementor-inner-column elementor-element elementor-element-735c6f40\" data-id=\"735c6f40\" data-element_type=\"column\">\n\t\t\t<div class=\"elementor-widget-wrap elementor-element-populated\">\n\t\t\t\t\t\t\t\t<div class=\"elementor-element elementor-element-67b4d859 elementor-position-top elementor-vertical-align-top elementor-widget elementor-widget-image-box\" data-id=\"67b4d859\" data-element_type=\"widget\" data-widget_type=\"image-box.default\">\n\t\t\t\t<div class=\"elementor-widget-container\">\n\t\t\t<div class=\"elementor-image-box-wrapper\"><figure class=\"elementor-image-box-img\"><a href=\"https:\/\/www.gustavoadolfo.com.br\/saocristovao\/educacao-infantil-2\/\"><img width=\"1600\" height=\"1204\" src=\"https:\/\/gustavoadolfo.com.br\/saocristovao\/wp-content\/uploads\/2024\/05\/WhatsApp-Image-2024-04-25-at-12.23.38-1.jpeg\" class=\"attachment-full size-full\" alt=\"\" loading=\"lazy\" \/><\/a><\/figure><div class=\"elementor-image-box-content\"><h3 class=\"elementor-image-box-title\"><a href=\"https:\/\/www.gustavoadolfo.com.br\/saocristovao\/educacao-infantil-2\/\">Educa\u00e7\u00e3o Infantil<\/a><\/h3><\/div><\/div>\t\t<\/div>\n\t\t\t\t<\/div>\n\t\t\t\t<div class=\"elementor-element elementor-element-9c57718 elementor-position-top elementor-vertical-align-top elementor-widget elementor-widget-image-box\" data-id=\"9c57718\" data-element_type=\"widget\" data-widget_type=\"image-box.default\">\n\t\t\t\t<div class=\"elementor-widget-container\">\n\t\t\t<div class=\"elementor-image-box-wrapper\"><figure class=\"elementor-image-box-img\"><a href=\"https:\/\/gustavoadolfo.com.br\/saocristovao\/turno-inverso\/\"><img width=\"1600\" height=\"1200\" src=\"https:\/\/gustavoadolfo.com.br\/saocristovao\/wp-content\/uploads\/2024\/05\/WhatsApp-Image-2024-04-28-at-10.11.45.jpeg\" class=\"attachment-full size-full\" alt=\"\" loading=\"lazy\" \/><\/a><\/figure><div class=\"elementor-image-box-content\"><h3 class=\"elementor-image-box-title\"><a href=\"https:\/\/gustavoadolfo.com.br\/saocristovao\/turno-inverso\/\">TURNO INVERSO<\/a><\/h3><\/div><\/div>\t\t<\/div>\n\t\t\t\t<\/div>\n\t\t\t\t\t<\/div>\n\t\t<\/div>\n\t\t\t\t<div class=\"elementor-column elementor-col-33 elementor-inner-column elementor-element elementor-element-6a8f6be2\" data-id=\"6a8f6be2\" data-element_type=\"column\">\n\t\t\t<div class=\"elementor-widget-wrap elementor-element-populated\">\n\t\t\t\t\t\t\t\t<div class=\"elementor-element elementor-element-269be931 elementor-position-top elementor-vertical-align-top elementor-widget elementor-widget-image-box\" data-id=\"269be931\" data-element_type=\"widget\" data-widget_type=\"image-box.default\">\n\t\t\t\t<div class=\"elementor-widget-container\">\n\t\t\t<div class=\"elementor-image-box-wrapper\"><figure class=\"elementor-image-box-img\"><a href=\"https:\/\/gustavoadolfo.com.br\/saocristovao\/ensino-fundamental-anos-iniciais\/\"><img width=\"2560\" height=\"1922\" src=\"https:\/\/gustavoadolfo.com.br\/saocristovao\/wp-content\/uploads\/2024\/05\/5-scaled.jpg\" class=\"attachment-full size-full\" alt=\"\" loading=\"lazy\" \/><\/a><\/figure><div class=\"elementor-image-box-content\"><h3 class=\"elementor-image-box-title\"><a href=\"https:\/\/gustavoadolfo.com.br\/saocristovao\/ensino-fundamental-anos-iniciais\/\">Ensino Fundamental - Anos Iniciais<\/a><\/h3><\/div><\/div>\t\t<\/div>\n\t\t\t\t<\/div>\n\t\t\t\t\t<\/div>\n\t\t<\/div>\n\t\t\t\t<div class=\"elementor-column elementor-col-33 elementor-inner-column elementor-element elementor-element-2b6e5880\" data-id=\"2b6e5880\" data-element_type=\"column\">\n\t\t\t<div class=\"elementor-widget-wrap elementor-element-populated\">\n\t\t\t\t\t\t\t\t<div class=\"elementor-element elementor-element-777d70a0 elementor-position-top elementor-vertical-align-top elementor-widget elementor-widget-image-box\" data-id=\"777d70a0\" data-element_type=\"widget\" data-widget_type=\"image-box.default\">\n\t\t\t\t<div class=\"elementor-widget-container\">\n\t\t\t<div class=\"elementor-image-box-wrapper\"><figure class=\"elementor-image-box-img\"><a href=\"https:\/\/gustavoadolfo.com.br\/saocristovao\/ensino-fundamental-anos-finais\/\"><img width=\"2560\" height=\"1922\" src=\"https:\/\/gustavoadolfo.com.br\/saocristovao\/wp-content\/uploads\/2024\/05\/Anos-Finais-scaled.jpg\" class=\"attachment-full size-full\" alt=\"\" loading=\"lazy\" \/><\/a><\/figure><div class=\"elementor-image-box-content\"><h3 class=\"elementor-image-box-title\"><a href=\"https:\/\/gustavoadolfo.com.br\/saocristovao\/ensino-fundamental-anos-finais\/\">ENSINO FUNDAMENTAL - ANOS FINAIS<\/a><\/h3><\/div><\/div>\t\t<\/div>\n\t\t\t\t<\/div>\n\t\t\t\t<div class=\"elementor-element elementor-element-3b5bc3a elementor-position-top elementor-vertical-align-top elementor-widget elementor-widget-image-box\" data-id=\"3b5bc3a\" data-element_type=\"widget\" data-widget_type=\"image-box.default\">\n\t\t\t\t<div class=\"elementor-widget-container\">\n\t\t\t<div class=\"elementor-image-box-wrapper\"><figure class=\"elementor-image-box-img\"><a href=\"https:\/\/gustavoadolfo.com.br\/saocristovao\/atividades-extracurriculares-2\/\"><img width=\"2560\" height=\"1922\" src=\"https:\/\/gustavoadolfo.com.br\/saocristovao\/wp-content\/uploads\/2024\/05\/3-1-scaled.jpg\" class=\"attachment-full size-full\" alt=\"\" loading=\"lazy\" \/><\/a><\/figure><div class=\"elementor-image-box-content\"><h3 class=\"elementor-image-box-title\"><a href=\"https:\/\/gustavoadolfo.com.br\/saocristovao\/atividades-extracurriculares-2\/\">Atividades extracurriculares<\/a><\/h3><\/div><\/div>\t\t<\/div>\n\t\t\t\t<\/div>\n\t\t\t\t\t<\/div>\n\t\t<\/div>\n\t\t\t\t\t\t\t<\/div>\n\t\t<\/section>\n\t\t\t\t\t<\/div>\n\t\t<\/div>\n\t\t\t\t\t\t\t<\/div>\n\t\t<\/section>\n\t\t\t\t<section class=\"elementor-section elementor-top-section elementor-element elementor-element-3a6ae35b elementor-section-boxed elementor-section-height-default elementor-section-height-default\" data-id=\"3a6ae35b\" data-element_type=\"section\" data-settings=\"{&quot;background_background&quot;:&quot;classic&quot;}\">\n\t\t\t\t\t\t<div class=\"elementor-container elementor-column-gap-default\">\n\t\t\t\t\t<div class=\"elementor-column elementor-col-100 elementor-top-column elementor-element elementor-element-245fe9ee\" data-id=\"245fe9ee\" data-element_type=\"column\">\n\t\t\t<div class=\"elementor-widget-wrap\">\n\t\t\t\t\t\t\t\t\t<\/div>\n\t\t<\/div>\n\t\t\t\t\t\t\t<\/div>\n\t\t<\/section>\n\t\t\t\t\t\t<\/div>\n\t\t\t\t\t<\/div>\n\t\t","protected":false},"excerpt":{"rendered":"<p>Conhe\u00e7a o Ensino Bil\u00edngue Dois professores em sala de aula &#8211; um ensina em Ingl\u00eas e outro em Portugu\u00eas. \u00a0 LEIA MAIS Educa\u00e7\u00e3o Infantil TURNO INVERSO Ensino Fundamental &#8211; Anos Iniciais ENSINO FUNDAMENTAL &#8211; ANOS FINAIS Atividades extracurriculares<\/p>\n","protected":false},"author":1,"featured_media":0,"parent":0,"menu_order":0,"comment_status":"closed","ping_status":"closed","template":"templates\/elementor.php","meta":[],"_links":{"self":[{"href":"https:\/\/gustavoadolfo.com.br\/saocristovao\/wp-json\/wp\/v2\/pages\/4606"}],"collection":[{"href":"https:\/\/gustavoadolfo.com.br\/saocristovao\/wp-json\/wp\/v2\/pages"}],"about":[{"href":"https:\/\/gustavoadolfo.com.br\/saocristovao\/wp-json\/wp\/v2\/types\/page"}],"author":[{"embeddable":true,"href":"https:\/\/gustavoadolfo.com.br\/saocristovao\/wp-json\/wp\/v2\/users\/1"}],"replies":[{"embeddable":true,"href":"https:\/\/gustavoadolfo.com.br\/saocristovao\/wp-json\/wp\/v2\/comments?post=4606"}],"version-history":[{"count":166,"href":"https:\/\/gustavoadolfo.com.br\/saocristovao\/wp-json\/wp\/v2\/pages\/4606\/revisions"}],"predecessor-version":[{"id":5997,"href":"https:\/\/gustavoadolfo.com.br\/saocristovao\/wp-json\/wp\/v2\/pages\/4606\/revisions\/5997"}],"wp:attachment":[{"href":"https:\/\/gustavoadolfo.com.br\/saocristovao\/wp-json\/wp\/v2\/media?parent=4606"}],"curies":[{"name":"wp","href":"https:\/\/api.w.org\/{rel}","templated":true}]}}