{"id":36,"date":"2018-04-06T08:08:42","date_gmt":"2018-04-06T11:08:42","guid":{"rendered":"http:\/\/gustavoadolfo.com.br\/nportal\/?page_id=36"},"modified":"2026-03-24T08:49:35","modified_gmt":"2026-03-24T11:49:35","slug":"publicacoes","status":"publish","type":"page","link":"https:\/\/gustavoadolfo.com.br\/saocristovao\/publicacoes\/","title":{"rendered":"Publica\u00e7\u00f5es"},"content":{"rendered":"\t\t<div data-elementor-type=\"wp-page\" data-elementor-id=\"36\" class=\"elementor elementor-36\" data-elementor-settings=\"[]\">\n\t\t\t\t\t\t\t<div class=\"elementor-section-wrap\">\n\t\t\t\t\t\t\t<section class=\"elementor-section elementor-top-section elementor-element elementor-element-1b2e8afb elementor-section-boxed elementor-section-height-default elementor-section-height-default\" data-id=\"1b2e8afb\" data-element_type=\"section\">\n\t\t\t\t\t\t<div class=\"elementor-container elementor-column-gap-default\">\n\t\t\t\t\t<div class=\"elementor-column elementor-col-100 elementor-top-column elementor-element elementor-element-2e2a83b6\" data-id=\"2e2a83b6\" data-element_type=\"column\">\n\t\t\t<div class=\"elementor-widget-wrap elementor-element-populated\">\n\t\t\t\t\t\t\t\t<div class=\"elementor-element elementor-element-58fa5c2c elementor-widget elementor-widget-text-editor\" data-id=\"58fa5c2c\" data-element_type=\"widget\" data-widget_type=\"text-editor.default\">\n\t\t\t\t<div class=\"elementor-widget-container\">\n\t\t\t\t\t\t\t<section data-id=\"548f168\" data-element_type=\"section\"><div data-id=\"6019912\" data-element_type=\"column\"><div data-id=\"03cc946\" data-element_type=\"widget\" data-widget_type=\"text-editor.default\"><h2>Editais<\/h2><p>Para visualizar os editais, clique no nome dos mesmos.<\/p><h3><span style=\"font-weight: 400;\">2025<\/span><\/h3><ul><li style=\"list-style-type: none;\"><ul><li><a href=\"https:\/\/www.gustavoadolfo.com.br\/arquivos\/bolsas\/2026\/sc\/Edital_03_2025_Bolsas_2026_SC.pdf\">Edital 3 &#8211; Bolsa de Estudo &#8211; Per\u00edodo Letivo 2026<\/a>\u00a0 (Para visualizar os documentos <a href=\"https:\/\/bolsas.gustavoadolfo.com.br\">clique aqui<\/a>)<\/li><li><a href=\"https:\/\/www.gustavoadolfo.com.br\/arquivos\/editais\/2025\/Edital_04_2025_Anuidade_2026.pdf\">Edital 4 &#8211; Valores da Anuidade Per\u00edodo Letivo 2026<\/a><\/li><li><a href=\"https:\/\/www.gustavoadolfo.com.br\/arquivos\/editais\/2025\/Edital_06_2025_Vaga_Emprego_Professor_Portugues.pdf\">Edital 6 &#8211; Vaga de Emprego &#8211; Professor de L\u00edngua Portuguesa\/Reda\u00e7\u00e3o\/Literatura<\/a><\/li><li><a href=\"https:\/\/www.gustavoadolfo.com.br\/arquivos\/editais\/2025\/Edital_07_2025_Vaga_Emprego_Professor_Matematica.pdf\">Edital 7 &#8211; Vaga de Emprego &#8211; Professor de Matem\u00e1tica<\/a><\/li><li><a href=\"https:\/\/www.gustavoadolfo.com.br\/arquivos\/editais\/2025\/Edital_08_2025_Vaga_Emprego_Professor_Ingles.pdf\">Edital 8 &#8211; Vaga de Emprego &#8211; Professor de L\u00edngua Inglesa Educa\u00e7\u00e3o Infantil e Anos Iniciais<\/a><\/li><\/ul><\/li><\/ul><h3>2026<\/h3><ul><li style=\"list-style-type: none;\"><ul><li><a href=\"https:\/\/www.gustavoadolfo.com.br\/arquivos\/editais\/2026\/Edital_01_2026_Professor_Ingles_EM.pdf\">Edital 1 &#8211; Vaga de Emprego &#8211; Professor de L\u00edngua Inglesa Ensino M\u00e9dio<\/a><\/li><\/ul><\/li><\/ul><\/div><\/div><\/section><section data-id=\"4e536a5\" data-element_type=\"section\"><div><div data-id=\"12f558b\" data-element_type=\"column\"><div><div data-id=\"9367059\" data-element_type=\"widget\" data-widget_type=\"text-editor.default\"><div><h2>\u00a0<\/h2><h2>Documentos Legais<span style=\"color: #7a7a7a; font-family: Roboto, sans-serif; font-weight: 400; font-size: 16px;\">\u00a0<\/span><\/h2><ul><li><a style=\"background: transparent; color: #4049a8;\" href=\"https:\/\/www.gustavoadolfo.com.br\/arquivos\/contratos\/Contrato_prest_educ_2023.pdf\">Contrato de presta\u00e7\u00e3o de servi\u00e7os educacionais<\/a><\/li><\/ul><\/div><\/div><p><strong>Observa\u00e7\u00e3o: para visualizar os editais e demais documentos, \u00e9 necess\u00e1rio ter instalado um software leitor de arquivos .PDF em seu computador ou dispositiv<\/strong><\/p><\/div><\/div><\/div><\/section>\t\t\t\t\t\t<\/div>\n\t\t\t\t<\/div>\n\t\t\t\t\t<\/div>\n\t\t<\/div>\n\t\t\t\t\t\t\t<\/div>\n\t\t<\/section>\n\t\t\t\t\t\t<\/div>\n\t\t\t\t\t<\/div>\n\t\t","protected":false},"excerpt":{"rendered":"<p>Editais Para visualizar os editais, clique no nome dos mesmos. 2025 Edital 3 &#8211; Bolsa de Estudo &#8211; Per\u00edodo Letivo 2026\u00a0 (Para visualizar os documentos clique aqui) Edital 4 &#8211; Valores da Anuidade Per\u00edodo Letivo 2026 Edital 6 &#8211; Vaga de Emprego &#8211; Professor de L\u00edngua Portuguesa\/Reda\u00e7\u00e3o\/Literatura Edital 7 &#8211; Vaga de Emprego &#8211; Professor<br \/><a class=\"moretag\" href=\"https:\/\/gustavoadolfo.com.br\/saocristovao\/publicacoes\/\">+ Read More<\/a><\/p>\n","protected":false},"author":1,"featured_media":0,"parent":0,"menu_order":0,"comment_status":"closed","ping_status":"closed","template":"templates\/elementor.php","meta":[],"_links":{"self":[{"href":"https:\/\/gustavoadolfo.com.br\/saocristovao\/wp-json\/wp\/v2\/pages\/36"}],"collection":[{"href":"https:\/\/gustavoadolfo.com.br\/saocristovao\/wp-json\/wp\/v2\/pages"}],"about":[{"href":"https:\/\/gustavoadolfo.com.br\/saocristovao\/wp-json\/wp\/v2\/types\/page"}],"author":[{"embeddable":true,"href":"https:\/\/gustavoadolfo.com.br\/saocristovao\/wp-json\/wp\/v2\/users\/1"}],"replies":[{"embeddable":true,"href":"https:\/\/gustavoadolfo.com.br\/saocristovao\/wp-json\/wp\/v2\/comments?post=36"}],"version-history":[{"count":130,"href":"https:\/\/gustavoadolfo.com.br\/saocristovao\/wp-json\/wp\/v2\/pages\/36\/revisions"}],"predecessor-version":[{"id":6446,"href":"https:\/\/gustavoadolfo.com.br\/saocristovao\/wp-json\/wp\/v2\/pages\/36\/revisions\/6446"}],"wp:attachment":[{"href":"https:\/\/gustavoadolfo.com.br\/saocristovao\/wp-json\/wp\/v2\/media?parent=36"}],"curies":[{"name":"wp","href":"https:\/\/api.w.org\/{rel}","templated":true}]}}