{"id":307,"date":"2018-06-11T17:14:09","date_gmt":"2018-06-11T20:14:09","guid":{"rendered":"http:\/\/gustavoadolfo.com.br\/portal\/?page_id=307"},"modified":"2025-07-23T16:20:16","modified_gmt":"2025-07-23T19:20:16","slug":"setor-social","status":"publish","type":"page","link":"https:\/\/gustavoadolfo.com.br\/saocristovao\/setor-social\/","title":{"rendered":"Setor Social"},"content":{"rendered":"\n<p>O Setor Social do Centro de Educa\u00e7\u00e3o B\u00e1sica Gustavo Adolfo, GA, tem a incumb\u00eancia de organizar atividades sociais, com o intuito de integra\u00e7\u00e3o e comemora\u00e7\u00e3o entre os funcion\u00e1rios.<\/p>\n\n\n\n<ul><li>Todos os funcion\u00e1rios est\u00e3o aptos a participar do Setor Social.<\/li><li>A Comiss\u00e3o do Setor Social se re\u00fane de forma volunt\u00e1ria, fora do hor\u00e1rio escolar.<\/li><li>\u00c9 respons\u00e1vel por promover momentos de integra\u00e7\u00e3o no primeiro e no segundo semestre.<\/li><li>\u00c9 feita a entrega de mimos em datas comemorativas como P\u00e1scoa, dia dos professores e Natal.<\/li><li>Mediante autoriza\u00e7\u00e3o do funcion\u00e1rio \u00e9 feita a cobran\u00e7a de taxa espont\u00e2nea, descontada na folha de pagamento.\u00a0<\/li><\/ul>\n\n\n\n<p><\/p>\n","protected":false},"excerpt":{"rendered":"<p>O Setor Social do Centro de Educa\u00e7\u00e3o B\u00e1sica Gustavo Adolfo, GA, tem a incumb\u00eancia de organizar atividades sociais, com o intuito de integra\u00e7\u00e3o e comemora\u00e7\u00e3o entre os funcion\u00e1rios. Todos os funcion\u00e1rios est\u00e3o aptos a participar do Setor Social. A Comiss\u00e3o do Setor Social se re\u00fane de forma volunt\u00e1ria, fora do hor\u00e1rio escolar. \u00c9 respons\u00e1vel por<br \/><a class=\"moretag\" href=\"https:\/\/gustavoadolfo.com.br\/saocristovao\/setor-social\/\">+ Read More<\/a><\/p>\n","protected":false},"author":1,"featured_media":0,"parent":0,"menu_order":0,"comment_status":"closed","ping_status":"closed","template":"","meta":[],"_links":{"self":[{"href":"https:\/\/gustavoadolfo.com.br\/saocristovao\/wp-json\/wp\/v2\/pages\/307"}],"collection":[{"href":"https:\/\/gustavoadolfo.com.br\/saocristovao\/wp-json\/wp\/v2\/pages"}],"about":[{"href":"https:\/\/gustavoadolfo.com.br\/saocristovao\/wp-json\/wp\/v2\/types\/page"}],"author":[{"embeddable":true,"href":"https:\/\/gustavoadolfo.com.br\/saocristovao\/wp-json\/wp\/v2\/users\/1"}],"replies":[{"embeddable":true,"href":"https:\/\/gustavoadolfo.com.br\/saocristovao\/wp-json\/wp\/v2\/comments?post=307"}],"version-history":[{"count":3,"href":"https:\/\/gustavoadolfo.com.br\/saocristovao\/wp-json\/wp\/v2\/pages\/307\/revisions"}],"predecessor-version":[{"id":6239,"href":"https:\/\/gustavoadolfo.com.br\/saocristovao\/wp-json\/wp\/v2\/pages\/307\/revisions\/6239"}],"wp:attachment":[{"href":"https:\/\/gustavoadolfo.com.br\/saocristovao\/wp-json\/wp\/v2\/media?parent=307"}],"curies":[{"name":"wp","href":"https:\/\/api.w.org\/{rel}","templated":true}]}}