{"id":305,"date":"2018-06-11T17:12:11","date_gmt":"2018-06-11T20:12:11","guid":{"rendered":"http:\/\/gustavoadolfo.com.br\/portal\/?page_id=305"},"modified":"2025-07-23T16:02:44","modified_gmt":"2025-07-23T19:02:44","slug":"appa","status":"publish","type":"page","link":"https:\/\/gustavoadolfo.com.br\/saocristovao\/appa\/","title":{"rendered":"APPA"},"content":{"rendered":"<p style=\"text-align: justify;\">A APPA &#8211; Associa\u00e7\u00e3o de Pais, Professores e amigos do Centro de Educa\u00e7\u00e3o B\u00e1sica Gustavo Adolfo &#8211; Lajeado &#8211; \u00e9 uma entidade c\u00edvel, sem fins lucrativos e tem como objetivo integrar a comunidade, a escola e a fam\u00edlia, buscando o desempenho mais eficiente e autossustent\u00e1vel do processo educativo.<\/p>\n<p>S\u00e3o fins da APPA:<\/p>\n<p>-Proporcionar a participa\u00e7\u00e3o da fam\u00edlia na escola e da escola na fam\u00edlia;<\/p>\n<p>-auxiliar e ser um elemento complementar da administra\u00e7\u00e3o escolar;<\/p>\n<p>-prestar servi\u00e7os \u00e0 escola em benef\u00edcio dos alunos ou do processo educacional; promover promo\u00e7\u00f5es ou recursos para a manuten\u00e7\u00e3o do funcionamento da escola;<\/p>\n<p>-auxiliar na conserva\u00e7\u00e3o, recupera\u00e7\u00e3o, reforma do pr\u00e9dio e dos equipamentos da escola;<\/p>\n<p>-coordenar e\/ou participar das atividades, eventos e festividades do estabelecimento contribuindo na fun\u00e7\u00e3o sociocultural dos seus integrantes;<\/p>\n<p>-oportunizar estudos em conjunto, \u00e0 pais, professores e amigos de modo a criar condi\u00e7\u00f5es para realiza\u00e7\u00e3o de um trabalho educativo coerente no lar e na escola;<\/p>\n<p>-estimular a transforma\u00e7\u00e3o da escola em centro de integra\u00e7\u00e3o e desenvolvimento comunit\u00e1rio;<\/p>\n<p>Aproveitando a oportunidade, gostar\u00edamos de desde j\u00e1 deixar um convite \u00e0 todos os pais para que juntem-se a n\u00f3s, tragam sua opini\u00e3o, suas ideias, nos ajudem nessa miss\u00e3o de sermos um dos pilares da escola, de sermos o elo de liga\u00e7\u00e3o escola-aluno-comunidade.<\/p>\n<p>Nossa reuni\u00e3o ocorre sempre na segunda ter\u00e7a-feira de cada m\u00eas, sempre com in\u00edcio as 19h.<\/p>\n","protected":false},"excerpt":{"rendered":"<p>A APPA &#8211; Associa\u00e7\u00e3o de Pais, Professores e amigos do Centro de Educa\u00e7\u00e3o B\u00e1sica Gustavo Adolfo &#8211; Lajeado &#8211; \u00e9 uma entidade c\u00edvel, sem fins lucrativos e tem como objetivo integrar a comunidade, a escola e a fam\u00edlia, buscando o desempenho mais eficiente e autossustent\u00e1vel do processo educativo. S\u00e3o fins da APPA: -Proporcionar a participa\u00e7\u00e3o<br \/><a class=\"moretag\" href=\"https:\/\/gustavoadolfo.com.br\/saocristovao\/appa\/\">+ Read More<\/a><\/p>\n","protected":false},"author":1,"featured_media":0,"parent":0,"menu_order":0,"comment_status":"closed","ping_status":"closed","template":"","meta":[],"_links":{"self":[{"href":"https:\/\/gustavoadolfo.com.br\/saocristovao\/wp-json\/wp\/v2\/pages\/305"}],"collection":[{"href":"https:\/\/gustavoadolfo.com.br\/saocristovao\/wp-json\/wp\/v2\/pages"}],"about":[{"href":"https:\/\/gustavoadolfo.com.br\/saocristovao\/wp-json\/wp\/v2\/types\/page"}],"author":[{"embeddable":true,"href":"https:\/\/gustavoadolfo.com.br\/saocristovao\/wp-json\/wp\/v2\/users\/1"}],"replies":[{"embeddable":true,"href":"https:\/\/gustavoadolfo.com.br\/saocristovao\/wp-json\/wp\/v2\/comments?post=305"}],"version-history":[{"count":5,"href":"https:\/\/gustavoadolfo.com.br\/saocristovao\/wp-json\/wp\/v2\/pages\/305\/revisions"}],"predecessor-version":[{"id":6237,"href":"https:\/\/gustavoadolfo.com.br\/saocristovao\/wp-json\/wp\/v2\/pages\/305\/revisions\/6237"}],"wp:attachment":[{"href":"https:\/\/gustavoadolfo.com.br\/saocristovao\/wp-json\/wp\/v2\/media?parent=305"}],"curies":[{"name":"wp","href":"https:\/\/api.w.org\/{rel}","templated":true}]}}