{"id":18,"date":"2018-04-05T14:29:38","date_gmt":"2018-04-05T17:29:38","guid":{"rendered":"http:\/\/gustavoadolfo.com.br\/nportal\/?page_id=18"},"modified":"2025-07-01T10:13:54","modified_gmt":"2025-07-01T13:13:54","slug":"contato","status":"publish","type":"page","link":"https:\/\/gustavoadolfo.com.br\/saocristovao\/contato\/","title":{"rendered":"Entre em contato conosco"},"content":{"rendered":"\t\t<div data-elementor-type=\"wp-page\" data-elementor-id=\"18\" class=\"elementor elementor-18\" data-elementor-settings=\"[]\">\n\t\t\t\t\t\t\t<div class=\"elementor-section-wrap\">\n\t\t\t\t\t\t\t<section class=\"elementor-section elementor-top-section elementor-element elementor-element-57f806c elementor-section-boxed elementor-section-height-default elementor-section-height-default\" data-id=\"57f806c\" data-element_type=\"section\">\n\t\t\t\t\t\t<div class=\"elementor-container elementor-column-gap-default\">\n\t\t\t\t\t<div class=\"elementor-column elementor-col-100 elementor-top-column elementor-element elementor-element-e692941\" data-id=\"e692941\" data-element_type=\"column\">\n\t\t\t<div class=\"elementor-widget-wrap\">\n\t\t\t\t\t\t\t\t\t<\/div>\n\t\t<\/div>\n\t\t\t\t\t\t\t<\/div>\n\t\t<\/section>\n\t\t\t\t<section class=\"elementor-section elementor-top-section elementor-element elementor-element-bad2d61 elementor-section-boxed elementor-section-height-default elementor-section-height-default\" data-id=\"bad2d61\" data-element_type=\"section\">\n\t\t\t\t\t\t<div class=\"elementor-container elementor-column-gap-default\">\n\t\t\t\t\t<div class=\"elementor-column elementor-col-100 elementor-top-column elementor-element elementor-element-fa9b8f4\" data-id=\"fa9b8f4\" data-element_type=\"column\">\n\t\t\t<div class=\"elementor-widget-wrap elementor-element-populated\">\n\t\t\t\t\t\t\t\t<div class=\"elementor-element elementor-element-8a3de79 elementor-widget elementor-widget-text-editor\" data-id=\"8a3de79\" data-element_type=\"widget\" data-widget_type=\"text-editor.default\">\n\t\t\t\t<div class=\"elementor-widget-container\">\n\t\t\t\t\t\t\t<div>Centro de Educa\u00e7\u00e3o B\u00e1sica Gustavo Adolfo<\/div><div>Col\u00e9gio Sinodal Gustavo Adolfo<\/div><div>Institui\u00e7\u00e3o Sinodal de Assist\u00eancia Educa\u00e7\u00e3o e Cultura<\/div><div>CNPJ: 96.746.441\/0045-27<\/div><div>Rua Miguel Tostes, 425<\/div><div>Bairro S\u00e3o Crist\u00f3v\u00e3o<br \/>Lajeado-RS<\/div><div>CEP 95913-192<\/div><div>Telefone\/Whatsapp: <a href=\"https:\/\/wa.me\/555137143214\">51-3714-3214 <\/a><\/div><div>E-mail: <a href=\"mailto:secretaria@gustavoadolfo.com.br\">secretaria@gustavoadolfo.com.br<\/a><\/div><div>\u00a0<\/div>\t\t\t\t\t\t<\/div>\n\t\t\t\t<\/div>\n\t\t\t\t\t<\/div>\n\t\t<\/div>\n\t\t\t\t\t\t\t<\/div>\n\t\t<\/section>\n\t\t\t\t<section class=\"elementor-section elementor-top-section elementor-element elementor-element-8c943bf elementor-section-boxed elementor-section-height-default elementor-section-height-default\" data-id=\"8c943bf\" data-element_type=\"section\">\n\t\t\t\t\t\t<div class=\"elementor-container elementor-column-gap-default\">\n\t\t\t\t\t<div class=\"elementor-column elementor-col-50 elementor-top-column elementor-element elementor-element-9e35eb3\" data-id=\"9e35eb3\" data-element_type=\"column\">\n\t\t\t<div class=\"elementor-widget-wrap elementor-element-populated\">\n\t\t\t\t\t\t\t\t<div class=\"elementor-element elementor-element-65ceb57 elementor-align-center elementor-widget elementor-widget-button\" data-id=\"65ceb57\" data-element_type=\"widget\" data-widget_type=\"button.default\">\n\t\t\t\t<div class=\"elementor-widget-container\">\n\t\t\t\t\t<div class=\"elementor-button-wrapper\">\n\t\t\t<a href=\"https:\/\/www.gustavoadolfo.com.br\/curriculos\" class=\"elementor-button-link elementor-button elementor-size-sm\" role=\"button\">\n\t\t\t\t\t\t<span class=\"elementor-button-content-wrapper\">\n\t\t\t\t\t\t<span class=\"elementor-button-text\">Trabalhe Conosco<\/span>\n\t\t<\/span>\n\t\t\t\t\t<\/a>\n\t\t<\/div>\n\t\t\t\t<\/div>\n\t\t\t\t<\/div>\n\t\t\t\t\t<\/div>\n\t\t<\/div>\n\t\t\t\t<div class=\"elementor-column elementor-col-50 elementor-top-column elementor-element elementor-element-047e942\" data-id=\"047e942\" data-element_type=\"column\">\n\t\t\t<div class=\"elementor-widget-wrap elementor-element-populated\">\n\t\t\t\t\t\t\t\t<div class=\"elementor-element elementor-element-94170b5 elementor-align-center elementor-widget elementor-widget-button\" data-id=\"94170b5\" data-element_type=\"widget\" data-widget_type=\"button.default\">\n\t\t\t\t<div class=\"elementor-widget-container\">\n\t\t\t\t\t<div class=\"elementor-button-wrapper\">\n\t\t\t<a href=\"https:\/\/gustavoadolfo.zeev.it\/2.0\/anonymous?c=YnJ0WiA2umbm3bMJM2NQXsfz9drWOd21ptfQ%2BEAalUnwrOVqy%2FuKgXMMYgZUDNKvUpGj4C9KC6ZByBImEkbSCvvmWCmaLas9I22yeG0oFUM%3D\" class=\"elementor-button-link elementor-button elementor-size-sm\" role=\"button\">\n\t\t\t\t\t\t<span class=\"elementor-button-content-wrapper\">\n\t\t\t\t\t\t<span class=\"elementor-button-text\">Consulta de Vagas<\/span>\n\t\t<\/span>\n\t\t\t\t\t<\/a>\n\t\t<\/div>\n\t\t\t\t<\/div>\n\t\t\t\t<\/div>\n\t\t\t\t\t<\/div>\n\t\t<\/div>\n\t\t\t\t\t\t\t<\/div>\n\t\t<\/section>\n\t\t\t\t\t\t<\/div>\n\t\t\t\t\t<\/div>\n\t\t","protected":false},"excerpt":{"rendered":"<p>Centro de Educa\u00e7\u00e3o B\u00e1sica Gustavo AdolfoCol\u00e9gio Sinodal Gustavo AdolfoInstitui\u00e7\u00e3o Sinodal de Assist\u00eancia Educa\u00e7\u00e3o e CulturaCNPJ: 96.746.441\/0045-27Rua Miguel Tostes, 425Bairro S\u00e3o Crist\u00f3v\u00e3oLajeado-RSCEP 95913-192Telefone\/Whatsapp: 51-3714-3214 E-mail: secretaria@gustavoadolfo.com.br\u00a0 Trabalhe Conosco Consulta de Vagas<\/p>\n","protected":false},"author":1,"featured_media":0,"parent":0,"menu_order":0,"comment_status":"closed","ping_status":"closed","template":"templates\/page-fullwidth_template.php","meta":[],"_links":{"self":[{"href":"https:\/\/gustavoadolfo.com.br\/saocristovao\/wp-json\/wp\/v2\/pages\/18"}],"collection":[{"href":"https:\/\/gustavoadolfo.com.br\/saocristovao\/wp-json\/wp\/v2\/pages"}],"about":[{"href":"https:\/\/gustavoadolfo.com.br\/saocristovao\/wp-json\/wp\/v2\/types\/page"}],"author":[{"embeddable":true,"href":"https:\/\/gustavoadolfo.com.br\/saocristovao\/wp-json\/wp\/v2\/users\/1"}],"replies":[{"embeddable":true,"href":"https:\/\/gustavoadolfo.com.br\/saocristovao\/wp-json\/wp\/v2\/comments?post=18"}],"version-history":[{"count":64,"href":"https:\/\/gustavoadolfo.com.br\/saocristovao\/wp-json\/wp\/v2\/pages\/18\/revisions"}],"predecessor-version":[{"id":6210,"href":"https:\/\/gustavoadolfo.com.br\/saocristovao\/wp-json\/wp\/v2\/pages\/18\/revisions\/6210"}],"wp:attachment":[{"href":"https:\/\/gustavoadolfo.com.br\/saocristovao\/wp-json\/wp\/v2\/media?parent=18"}],"curies":[{"name":"wp","href":"https:\/\/api.w.org\/{rel}","templated":true}]}}